{"id":47618,"date":"2019-03-01T13:04:03","date_gmt":"2019-03-01T10:04:03","guid":{"rendered":"https:\/\/ramrolf.eu\/product\/new-product-4\/"},"modified":"2019-03-04T14:29:13","modified_gmt":"2019-03-04T11:29:13","slug":"sadalitajs-dokumentiem-forpus-12-1-polipropilena-a4","status":"publish","type":"product","link":"https:\/\/ramrolf.lv\/lv\/product\/sadalitajs-dokumentiem-forpus-12-1-polipropilena-a4\/","title":{"rendered":"Sadal\u012bt\u0101js dokumentiem FORPUS 12-1 polipropil\u0113na A4"},"content":{"rendered":"","protected":false},"excerpt":{"rendered":"","protected":false},"featured_media":47593,"template":"","meta":[],"product_cat":[943],"product_tag":[],"_links":{"self":[{"href":"https:\/\/ramrolf.lv\/lv\/wp-json\/wp\/v2\/product\/47618"}],"collection":[{"href":"https:\/\/ramrolf.lv\/lv\/wp-json\/wp\/v2\/product"}],"about":[{"href":"https:\/\/ramrolf.lv\/lv\/wp-json\/wp\/v2\/types\/product"}],"wp:featuredmedia":[{"embeddable":true,"href":"https:\/\/ramrolf.lv\/lv\/wp-json\/wp\/v2\/media\/47593"}],"wp:attachment":[{"href":"https:\/\/ramrolf.lv\/lv\/wp-json\/wp\/v2\/media?parent=47618"}],"wp:term":[{"taxonomy":"product_cat","embeddable":true,"href":"https:\/\/ramrolf.lv\/lv\/wp-json\/wp\/v2\/product_cat?post=47618"},{"taxonomy":"product_tag","embeddable":true,"href":"https:\/\/ramrolf.lv\/lv\/wp-json\/wp\/v2\/product_tag?post=47618"}],"curies":[{"name":"wp","href":"https:\/\/api.w.org\/{rel}","templated":true}]}}