{"id":47767,"date":"2019-03-18T17:56:10","date_gmt":"2019-03-18T14:56:10","guid":{"rendered":"https:\/\/ramrolf.eu\/product\/new-product-4\/"},"modified":"2019-03-20T11:24:02","modified_gmt":"2019-03-20T08:24:02","slug":"dokumentu-plauktins-caurspidigs","status":"publish","type":"product","link":"https:\/\/ramrolf.lv\/lv\/product\/dokumentu-plauktins-caurspidigs\/","title":{"rendered":"Dokumentu plaukti\u0146\u0161, caursp\u012bd\u012bgs"},"content":{"rendered":"","protected":false},"excerpt":{"rendered":"","protected":false},"featured_media":47850,"template":"","meta":[],"product_cat":[965],"product_tag":[],"_links":{"self":[{"href":"https:\/\/ramrolf.lv\/lv\/wp-json\/wp\/v2\/product\/47767"}],"collection":[{"href":"https:\/\/ramrolf.lv\/lv\/wp-json\/wp\/v2\/product"}],"about":[{"href":"https:\/\/ramrolf.lv\/lv\/wp-json\/wp\/v2\/types\/product"}],"wp:featuredmedia":[{"embeddable":true,"href":"https:\/\/ramrolf.lv\/lv\/wp-json\/wp\/v2\/media\/47850"}],"wp:attachment":[{"href":"https:\/\/ramrolf.lv\/lv\/wp-json\/wp\/v2\/media?parent=47767"}],"wp:term":[{"taxonomy":"product_cat","embeddable":true,"href":"https:\/\/ramrolf.lv\/lv\/wp-json\/wp\/v2\/product_cat?post=47767"},{"taxonomy":"product_tag","embeddable":true,"href":"https:\/\/ramrolf.lv\/lv\/wp-json\/wp\/v2\/product_tag?post=47767"}],"curies":[{"name":"wp","href":"https:\/\/api.w.org\/{rel}","templated":true}]}}