{"id":47769,"date":"2019-03-18T17:58:53","date_gmt":"2019-03-18T14:58:53","guid":{"rendered":"https:\/\/ramrolf.eu\/product\/new-product-4\/"},"modified":"2019-03-20T11:44:16","modified_gmt":"2019-03-20T08:44:16","slug":"papirgrozs-metala-izmers-26x28-cm-sudrabs-12-litri","status":"publish","type":"product","link":"https:\/\/ramrolf.lv\/lv\/product\/papirgrozs-metala-izmers-26x28-cm-sudrabs-12-litri\/","title":{"rendered":"Pap\u012brgrozs met\u0101la, izm\u0113rs 26\u00d728 cm, sudrabs ,12 litri"},"content":{"rendered":"","protected":false},"excerpt":{"rendered":"<p>Met\u0101la pap\u012brgrozs(sietveid\u012bgs), sudraba kr\u0101s\u0101, 28 cm augstums <\/p>\n","protected":false},"featured_media":47852,"template":"","meta":[],"product_cat":[501],"product_tag":[],"_links":{"self":[{"href":"https:\/\/ramrolf.lv\/lv\/wp-json\/wp\/v2\/product\/47769"}],"collection":[{"href":"https:\/\/ramrolf.lv\/lv\/wp-json\/wp\/v2\/product"}],"about":[{"href":"https:\/\/ramrolf.lv\/lv\/wp-json\/wp\/v2\/types\/product"}],"wp:featuredmedia":[{"embeddable":true,"href":"https:\/\/ramrolf.lv\/lv\/wp-json\/wp\/v2\/media\/47852"}],"wp:attachment":[{"href":"https:\/\/ramrolf.lv\/lv\/wp-json\/wp\/v2\/media?parent=47769"}],"wp:term":[{"taxonomy":"product_cat","embeddable":true,"href":"https:\/\/ramrolf.lv\/lv\/wp-json\/wp\/v2\/product_cat?post=47769"},{"taxonomy":"product_tag","embeddable":true,"href":"https:\/\/ramrolf.lv\/lv\/wp-json\/wp\/v2\/product_tag?post=47769"}],"curies":[{"name":"wp","href":"https:\/\/api.w.org\/{rel}","templated":true}]}}