{"id":47789,"date":"2019-03-19T12:10:30","date_gmt":"2019-03-19T09:10:30","guid":{"rendered":"https:\/\/ramrolf.eu\/product\/new-product-4\/"},"modified":"2019-04-09T10:10:38","modified_gmt":"2019-04-09T07:10:38","slug":"laminesanas-pleve-luggage-65%d1%85108-125mk-100lpp-caurspidiga","status":"publish","type":"product","link":"https:\/\/ramrolf.lv\/lv\/product\/laminesanas-pleve-luggage-65%d1%85108-125mk-100lpp-caurspidiga\/","title":{"rendered":"Lamin\u0113\u0161anas pl\u0113ve Luggage (65\u0445108), 125MK, 100lpp, caursp\u012bd\u012bga"},"content":{"rendered":"","protected":false},"excerpt":{"rendered":"","protected":false},"featured_media":48144,"template":"","meta":[],"product_cat":[979],"product_tag":[],"_links":{"self":[{"href":"https:\/\/ramrolf.lv\/lv\/wp-json\/wp\/v2\/product\/47789"}],"collection":[{"href":"https:\/\/ramrolf.lv\/lv\/wp-json\/wp\/v2\/product"}],"about":[{"href":"https:\/\/ramrolf.lv\/lv\/wp-json\/wp\/v2\/types\/product"}],"wp:featuredmedia":[{"embeddable":true,"href":"https:\/\/ramrolf.lv\/lv\/wp-json\/wp\/v2\/media\/48144"}],"wp:attachment":[{"href":"https:\/\/ramrolf.lv\/lv\/wp-json\/wp\/v2\/media?parent=47789"}],"wp:term":[{"taxonomy":"product_cat","embeddable":true,"href":"https:\/\/ramrolf.lv\/lv\/wp-json\/wp\/v2\/product_cat?post=47789"},{"taxonomy":"product_tag","embeddable":true,"href":"https:\/\/ramrolf.lv\/lv\/wp-json\/wp\/v2\/product_tag?post=47789"}],"curies":[{"name":"wp","href":"https:\/\/api.w.org\/{rel}","templated":true}]}}