{"id":47865,"date":"2019-03-20T11:53:47","date_gmt":"2019-03-20T08:53:47","guid":{"rendered":"https:\/\/ramrolf.eu\/product\/new-product-4\/"},"modified":"2019-03-20T11:55:01","modified_gmt":"2019-03-20T08:55:01","slug":"galda-komplekts-no-koka-9-prieksmeti-riekstu-krasa","status":"publish","type":"product","link":"https:\/\/ramrolf.lv\/lv\/product\/galda-komplekts-no-koka-9-prieksmeti-riekstu-krasa\/","title":{"rendered":"Galda komplekts no koka, 9 priek\u0161meti, riekstu kr\u0101sa"},"content":{"rendered":"","protected":false},"excerpt":{"rendered":"<p>Divda\u013c\u012bgs dokumentu plaukti\u0146\u0161, pap\u012bra bloks ar paliktni, kancelejas nazis, paliktnis 2 pildspalv\u0101m, paliktnis z\u012bmu\u013ciem, paliktnis viz\u012btkart\u0113m, paliktnis rakst\u012b\u0161anai, kalend\u0101ra paliktnis,paliktnis aploksn\u0113m, sasprau\u017eu trauci\u0146\u0161.<\/p>\n","protected":false},"featured_media":47866,"template":"","meta":[],"product_cat":[966],"product_tag":[],"_links":{"self":[{"href":"https:\/\/ramrolf.lv\/lv\/wp-json\/wp\/v2\/product\/47865"}],"collection":[{"href":"https:\/\/ramrolf.lv\/lv\/wp-json\/wp\/v2\/product"}],"about":[{"href":"https:\/\/ramrolf.lv\/lv\/wp-json\/wp\/v2\/types\/product"}],"wp:featuredmedia":[{"embeddable":true,"href":"https:\/\/ramrolf.lv\/lv\/wp-json\/wp\/v2\/media\/47866"}],"wp:attachment":[{"href":"https:\/\/ramrolf.lv\/lv\/wp-json\/wp\/v2\/media?parent=47865"}],"wp:term":[{"taxonomy":"product_cat","embeddable":true,"href":"https:\/\/ramrolf.lv\/lv\/wp-json\/wp\/v2\/product_cat?post=47865"},{"taxonomy":"product_tag","embeddable":true,"href":"https:\/\/ramrolf.lv\/lv\/wp-json\/wp\/v2\/product_tag?post=47865"}],"curies":[{"name":"wp","href":"https:\/\/api.w.org\/{rel}","templated":true}]}}