{"id":47869,"date":"2019-03-20T11:57:22","date_gmt":"2019-03-20T08:57:22","guid":{"rendered":"https:\/\/ramrolf.eu\/product\/new-product-4\/"},"modified":"2019-03-20T12:00:06","modified_gmt":"2019-03-20T09:00:06","slug":"galda-komplekts-no-koka-7-prieksmeti-bordo-krasa-2","status":"publish","type":"product","link":"https:\/\/ramrolf.lv\/lv\/product\/galda-komplekts-no-koka-7-prieksmeti-bordo-krasa-2\/","title":{"rendered":"Galda komplekts no koka, 7 priek\u0161meti, bordo kr\u0101s\u0101"},"content":{"rendered":"","protected":false},"excerpt":{"rendered":"<p>Divda\u013c\u012bgs dokumentu plaukti\u0146\u0161, pap\u012bra bloks ar paliktni, kancelejas nazis, paliktnis 2 pildspalv\u0101m, paliktnis z\u012bmu\u013ciem, paliktnis viz\u012btkart\u0113m, paliktnis rakst\u012b\u0161anai, paliktnis aploksn\u0113m.<\/p>\n","protected":false},"featured_media":47870,"template":"","meta":[],"product_cat":[966],"product_tag":[],"_links":{"self":[{"href":"https:\/\/ramrolf.lv\/lv\/wp-json\/wp\/v2\/product\/47869"}],"collection":[{"href":"https:\/\/ramrolf.lv\/lv\/wp-json\/wp\/v2\/product"}],"about":[{"href":"https:\/\/ramrolf.lv\/lv\/wp-json\/wp\/v2\/types\/product"}],"wp:featuredmedia":[{"embeddable":true,"href":"https:\/\/ramrolf.lv\/lv\/wp-json\/wp\/v2\/media\/47870"}],"wp:attachment":[{"href":"https:\/\/ramrolf.lv\/lv\/wp-json\/wp\/v2\/media?parent=47869"}],"wp:term":[{"taxonomy":"product_cat","embeddable":true,"href":"https:\/\/ramrolf.lv\/lv\/wp-json\/wp\/v2\/product_cat?post=47869"},{"taxonomy":"product_tag","embeddable":true,"href":"https:\/\/ramrolf.lv\/lv\/wp-json\/wp\/v2\/product_tag?post=47869"}],"curies":[{"name":"wp","href":"https:\/\/api.w.org\/{rel}","templated":true}]}}