{"id":47879,"date":"2019-03-20T12:09:29","date_gmt":"2019-03-20T09:09:29","guid":{"rendered":"https:\/\/ramrolf.eu\/product\/new-product-4\/"},"modified":"2019-03-20T12:11:39","modified_gmt":"2019-03-20T09:11:39","slug":"rakstamgalda-komplekts-koks-maksliga-ada-melns","status":"publish","type":"product","link":"https:\/\/ramrolf.lv\/lv\/product\/rakstamgalda-komplekts-koks-maksliga-ada-melns\/","title":{"rendered":"Rakst\u0101mgalda komplekts koks &#8211; m\u0101ksl\u012bg\u0101 \u0101da, melns"},"content":{"rendered":"","protected":false},"excerpt":{"rendered":"<p>Izgatavots no koka, apvilkts ar m\u0101ksl\u012bgo \u0101du, komplekt\u0101 7 piederumi. <\/p>\n","protected":false},"featured_media":47878,"template":"","meta":[],"product_cat":[966],"product_tag":[],"_links":{"self":[{"href":"https:\/\/ramrolf.lv\/lv\/wp-json\/wp\/v2\/product\/47879"}],"collection":[{"href":"https:\/\/ramrolf.lv\/lv\/wp-json\/wp\/v2\/product"}],"about":[{"href":"https:\/\/ramrolf.lv\/lv\/wp-json\/wp\/v2\/types\/product"}],"wp:featuredmedia":[{"embeddable":true,"href":"https:\/\/ramrolf.lv\/lv\/wp-json\/wp\/v2\/media\/47878"}],"wp:attachment":[{"href":"https:\/\/ramrolf.lv\/lv\/wp-json\/wp\/v2\/media?parent=47879"}],"wp:term":[{"taxonomy":"product_cat","embeddable":true,"href":"https:\/\/ramrolf.lv\/lv\/wp-json\/wp\/v2\/product_cat?post=47879"},{"taxonomy":"product_tag","embeddable":true,"href":"https:\/\/ramrolf.lv\/lv\/wp-json\/wp\/v2\/product_tag?post=47879"}],"curies":[{"name":"wp","href":"https:\/\/api.w.org\/{rel}","templated":true}]}}