{"id":47891,"date":"2019-03-20T12:50:44","date_gmt":"2019-03-20T09:50:44","guid":{"rendered":"https:\/\/ramrolf.eu\/product\/new-product-4\/"},"modified":"2019-03-20T12:52:49","modified_gmt":"2019-03-20T09:52:49","slug":"vizitkarsu-bloknots-112-x-70-mm","status":"publish","type":"product","link":"https:\/\/ramrolf.lv\/lv\/product\/vizitkarsu-bloknots-112-x-70-mm\/","title":{"rendered":"Viz\u012btkar\u0161u bloknots 112 x 70 mm"},"content":{"rendered":"","protected":false},"excerpt":{"rendered":"<p>Standarta izm\u0113rs 90&#215;57 cm, 40 viz\u012btkart\u0113m, kabatas variants <\/p>\n","protected":false},"featured_media":47892,"template":"","meta":[],"product_cat":[967],"product_tag":[],"_links":{"self":[{"href":"https:\/\/ramrolf.lv\/lv\/wp-json\/wp\/v2\/product\/47891"}],"collection":[{"href":"https:\/\/ramrolf.lv\/lv\/wp-json\/wp\/v2\/product"}],"about":[{"href":"https:\/\/ramrolf.lv\/lv\/wp-json\/wp\/v2\/types\/product"}],"wp:featuredmedia":[{"embeddable":true,"href":"https:\/\/ramrolf.lv\/lv\/wp-json\/wp\/v2\/media\/47892"}],"wp:attachment":[{"href":"https:\/\/ramrolf.lv\/lv\/wp-json\/wp\/v2\/media?parent=47891"}],"wp:term":[{"taxonomy":"product_cat","embeddable":true,"href":"https:\/\/ramrolf.lv\/lv\/wp-json\/wp\/v2\/product_cat?post=47891"},{"taxonomy":"product_tag","embeddable":true,"href":"https:\/\/ramrolf.lv\/lv\/wp-json\/wp\/v2\/product_tag?post=47891"}],"curies":[{"name":"wp","href":"https:\/\/api.w.org\/{rel}","templated":true}]}}