{"id":47909,"date":"2019-03-20T13:57:47","date_gmt":"2019-03-20T10:57:47","guid":{"rendered":"https:\/\/ramrolf.eu\/product\/new-product-4\/"},"modified":"2019-03-20T13:58:47","modified_gmt":"2019-03-20T10:58:47","slug":"naudas-kaste-ar-koda-atslegu-200-x-160-x-90-mm","status":"publish","type":"product","link":"https:\/\/ramrolf.lv\/lv\/product\/naudas-kaste-ar-koda-atslegu-200-x-160-x-90-mm\/","title":{"rendered":"Naudas kaste ar koda atsl\u0113gu 200 x 160 x 90 mm"},"content":{"rendered":"","protected":false},"excerpt":{"rendered":"<p>Main\u0101ms kods, mat\u0113ta melna kr\u0101sa. <\/p>\n","protected":false},"featured_media":47908,"template":"","meta":[],"product_cat":[501],"product_tag":[],"_links":{"self":[{"href":"https:\/\/ramrolf.lv\/lv\/wp-json\/wp\/v2\/product\/47909"}],"collection":[{"href":"https:\/\/ramrolf.lv\/lv\/wp-json\/wp\/v2\/product"}],"about":[{"href":"https:\/\/ramrolf.lv\/lv\/wp-json\/wp\/v2\/types\/product"}],"wp:featuredmedia":[{"embeddable":true,"href":"https:\/\/ramrolf.lv\/lv\/wp-json\/wp\/v2\/media\/47908"}],"wp:attachment":[{"href":"https:\/\/ramrolf.lv\/lv\/wp-json\/wp\/v2\/media?parent=47909"}],"wp:term":[{"taxonomy":"product_cat","embeddable":true,"href":"https:\/\/ramrolf.lv\/lv\/wp-json\/wp\/v2\/product_cat?post=47909"},{"taxonomy":"product_tag","embeddable":true,"href":"https:\/\/ramrolf.lv\/lv\/wp-json\/wp\/v2\/product_tag?post=47909"}],"curies":[{"name":"wp","href":"https:\/\/api.w.org\/{rel}","templated":true}]}}