{"id":47912,"date":"2019-03-20T14:01:09","date_gmt":"2019-03-20T11:01:09","guid":{"rendered":"https:\/\/ramrolf.eu\/product\/new-product-4\/"},"modified":"2019-03-20T14:02:11","modified_gmt":"2019-03-20T11:02:11","slug":"naudas-gumijas-asorti-krasas-dazadu-izmeru-500-g","status":"publish","type":"product","link":"https:\/\/ramrolf.lv\/lv\/product\/naudas-gumijas-asorti-krasas-dazadu-izmeru-500-g\/","title":{"rendered":"Naudas gumijas asorti kr\u0101sas, da\u017e\u0101du izm\u0113ru 500 g."},"content":{"rendered":"","protected":false},"excerpt":{"rendered":"","protected":false},"featured_media":47911,"template":"","meta":[],"product_cat":[962],"product_tag":[],"_links":{"self":[{"href":"https:\/\/ramrolf.lv\/lv\/wp-json\/wp\/v2\/product\/47912"}],"collection":[{"href":"https:\/\/ramrolf.lv\/lv\/wp-json\/wp\/v2\/product"}],"about":[{"href":"https:\/\/ramrolf.lv\/lv\/wp-json\/wp\/v2\/types\/product"}],"wp:featuredmedia":[{"embeddable":true,"href":"https:\/\/ramrolf.lv\/lv\/wp-json\/wp\/v2\/media\/47911"}],"wp:attachment":[{"href":"https:\/\/ramrolf.lv\/lv\/wp-json\/wp\/v2\/media?parent=47912"}],"wp:term":[{"taxonomy":"product_cat","embeddable":true,"href":"https:\/\/ramrolf.lv\/lv\/wp-json\/wp\/v2\/product_cat?post=47912"},{"taxonomy":"product_tag","embeddable":true,"href":"https:\/\/ramrolf.lv\/lv\/wp-json\/wp\/v2\/product_tag?post=47912"}],"curies":[{"name":"wp","href":"https:\/\/api.w.org\/{rel}","templated":true}]}}