{"id":47922,"date":"2019-03-20T14:13:47","date_gmt":"2019-03-20T11:13:47","guid":{"rendered":"https:\/\/ramrolf.eu\/product\/new-product-4\/"},"modified":"2019-03-20T14:14:58","modified_gmt":"2019-03-20T11:14:58","slug":"kancelejas-gumijas-45-mm-1000-gr-1-kg","status":"publish","type":"product","link":"https:\/\/ramrolf.lv\/lv\/product\/kancelejas-gumijas-45-mm-1000-gr-1-kg\/","title":{"rendered":"Kancelejas gumijas 45 mm, 1000 gr. (1 kg.)"},"content":{"rendered":"","protected":false},"excerpt":{"rendered":"<p>Gumijas sast\u0101v\u0101 60% kau\u010duka <\/p>\n","protected":false},"featured_media":47919,"template":"","meta":[],"product_cat":[962],"product_tag":[],"_links":{"self":[{"href":"https:\/\/ramrolf.lv\/lv\/wp-json\/wp\/v2\/product\/47922"}],"collection":[{"href":"https:\/\/ramrolf.lv\/lv\/wp-json\/wp\/v2\/product"}],"about":[{"href":"https:\/\/ramrolf.lv\/lv\/wp-json\/wp\/v2\/types\/product"}],"wp:featuredmedia":[{"embeddable":true,"href":"https:\/\/ramrolf.lv\/lv\/wp-json\/wp\/v2\/media\/47919"}],"wp:attachment":[{"href":"https:\/\/ramrolf.lv\/lv\/wp-json\/wp\/v2\/media?parent=47922"}],"wp:term":[{"taxonomy":"product_cat","embeddable":true,"href":"https:\/\/ramrolf.lv\/lv\/wp-json\/wp\/v2\/product_cat?post=47922"},{"taxonomy":"product_tag","embeddable":true,"href":"https:\/\/ramrolf.lv\/lv\/wp-json\/wp\/v2\/product_tag?post=47922"}],"curies":[{"name":"wp","href":"https:\/\/api.w.org\/{rel}","templated":true}]}}