{"id":47936,"date":"2019-03-22T10:38:09","date_gmt":"2019-03-22T07:38:09","guid":{"rendered":"https:\/\/ramrolf.eu\/product\/new-product-5\/"},"modified":"2019-03-22T10:40:35","modified_gmt":"2019-03-22T07:40:35","slug":"dienasgramata-a5-melna","status":"publish","type":"product","link":"https:\/\/ramrolf.lv\/lv\/product\/dienasgramata-a5-melna\/","title":{"rendered":"Dienasgr\u0101mata A5, melna"},"content":{"rendered":"","protected":false},"excerpt":{"rendered":"<p>Dienasgr\u0101mata-pl\u0101not\u0101js, bez datumiem, A5 form\u0101ta, dzeltenas lapas <\/p>\n","protected":false},"featured_media":47937,"template":"","meta":[],"product_cat":[474],"product_tag":[],"_links":{"self":[{"href":"https:\/\/ramrolf.lv\/lv\/wp-json\/wp\/v2\/product\/47936"}],"collection":[{"href":"https:\/\/ramrolf.lv\/lv\/wp-json\/wp\/v2\/product"}],"about":[{"href":"https:\/\/ramrolf.lv\/lv\/wp-json\/wp\/v2\/types\/product"}],"wp:featuredmedia":[{"embeddable":true,"href":"https:\/\/ramrolf.lv\/lv\/wp-json\/wp\/v2\/media\/47937"}],"wp:attachment":[{"href":"https:\/\/ramrolf.lv\/lv\/wp-json\/wp\/v2\/media?parent=47936"}],"wp:term":[{"taxonomy":"product_cat","embeddable":true,"href":"https:\/\/ramrolf.lv\/lv\/wp-json\/wp\/v2\/product_cat?post=47936"},{"taxonomy":"product_tag","embeddable":true,"href":"https:\/\/ramrolf.lv\/lv\/wp-json\/wp\/v2\/product_tag?post=47936"}],"curies":[{"name":"wp","href":"https:\/\/api.w.org\/{rel}","templated":true}]}}