{"id":47939,"date":"2019-03-22T12:02:25","date_gmt":"2019-03-22T09:02:25","guid":{"rendered":"https:\/\/ramrolf.eu\/product\/new-product-5\/"},"modified":"2019-03-22T12:03:54","modified_gmt":"2019-03-22T09:03:54","slug":"dienasgramata-a5-zila","status":"publish","type":"product","link":"https:\/\/ramrolf.lv\/lv\/product\/dienasgramata-a5-zila\/","title":{"rendered":"Dienasgr\u0101mata A5, zila"},"content":{"rendered":"","protected":false},"excerpt":{"rendered":"<p>Dienasgr\u0101mata-pl\u0101not\u0101js, bez datumiem, A5 form\u0101ta, baltas lapas <\/p>\n","protected":false},"featured_media":47940,"template":"","meta":[],"product_cat":[474],"product_tag":[],"_links":{"self":[{"href":"https:\/\/ramrolf.lv\/lv\/wp-json\/wp\/v2\/product\/47939"}],"collection":[{"href":"https:\/\/ramrolf.lv\/lv\/wp-json\/wp\/v2\/product"}],"about":[{"href":"https:\/\/ramrolf.lv\/lv\/wp-json\/wp\/v2\/types\/product"}],"wp:featuredmedia":[{"embeddable":true,"href":"https:\/\/ramrolf.lv\/lv\/wp-json\/wp\/v2\/media\/47940"}],"wp:attachment":[{"href":"https:\/\/ramrolf.lv\/lv\/wp-json\/wp\/v2\/media?parent=47939"}],"wp:term":[{"taxonomy":"product_cat","embeddable":true,"href":"https:\/\/ramrolf.lv\/lv\/wp-json\/wp\/v2\/product_cat?post=47939"},{"taxonomy":"product_tag","embeddable":true,"href":"https:\/\/ramrolf.lv\/lv\/wp-json\/wp\/v2\/product_tag?post=47939"}],"curies":[{"name":"wp","href":"https:\/\/api.w.org\/{rel}","templated":true}]}}