{"id":47947,"date":"2019-03-22T12:23:24","date_gmt":"2019-03-22T09:23:24","guid":{"rendered":"https:\/\/ramrolf.eu\/product\/new-product-5\/"},"modified":"2019-03-22T12:33:47","modified_gmt":"2019-03-22T09:33:47","slug":"triskaju-sienas-ekrans-160x160cm","status":"publish","type":"product","link":"https:\/\/ramrolf.lv\/lv\/product\/triskaju-sienas-ekrans-160x160cm\/","title":{"rendered":"Tr\u012bsk\u0101ju sienas ekr\u0101ns 160x160cm"},"content":{"rendered":"","protected":false},"excerpt":{"rendered":"<p>Balta mat\u0113ta virsma, p\u0101rn\u0113s\u0101jams, regul\u0113jams augstums. <\/p>\n","protected":false},"featured_media":47948,"template":"","meta":[],"product_cat":[995],"product_tag":[],"_links":{"self":[{"href":"https:\/\/ramrolf.lv\/lv\/wp-json\/wp\/v2\/product\/47947"}],"collection":[{"href":"https:\/\/ramrolf.lv\/lv\/wp-json\/wp\/v2\/product"}],"about":[{"href":"https:\/\/ramrolf.lv\/lv\/wp-json\/wp\/v2\/types\/product"}],"wp:featuredmedia":[{"embeddable":true,"href":"https:\/\/ramrolf.lv\/lv\/wp-json\/wp\/v2\/media\/47948"}],"wp:attachment":[{"href":"https:\/\/ramrolf.lv\/lv\/wp-json\/wp\/v2\/media?parent=47947"}],"wp:term":[{"taxonomy":"product_cat","embeddable":true,"href":"https:\/\/ramrolf.lv\/lv\/wp-json\/wp\/v2\/product_cat?post=47947"},{"taxonomy":"product_tag","embeddable":true,"href":"https:\/\/ramrolf.lv\/lv\/wp-json\/wp\/v2\/product_tag?post=47947"}],"curies":[{"name":"wp","href":"https:\/\/api.w.org\/{rel}","templated":true}]}}