{"id":47958,"date":"2019-03-22T13:07:33","date_gmt":"2019-03-22T10:07:33","guid":{"rendered":"https:\/\/ramrolf.eu\/product\/new-product-5\/"},"modified":"2019-03-22T13:09:31","modified_gmt":"2019-03-22T10:09:31","slug":"tafele-triskaju-magnetiska-ar-stativu-10070cm","status":"publish","type":"product","link":"https:\/\/ramrolf.lv\/lv\/product\/tafele-triskaju-magnetiska-ar-stativu-10070cm\/","title":{"rendered":"T\u0101fele tr\u012bsk\u0101ju magn\u0113tiska ar stat\u012bvu 100*70cm"},"content":{"rendered":"","protected":false},"excerpt":{"rendered":"<p>Magn\u0113tiska, var rakst\u012bt ar t\u0101fe\u013cu mar\u0137ieriem, izmantot flip-chart pap\u012bra blokus. <\/p>\n","protected":false},"featured_media":47959,"template":"","meta":[],"product_cat":[995],"product_tag":[],"_links":{"self":[{"href":"https:\/\/ramrolf.lv\/lv\/wp-json\/wp\/v2\/product\/47958"}],"collection":[{"href":"https:\/\/ramrolf.lv\/lv\/wp-json\/wp\/v2\/product"}],"about":[{"href":"https:\/\/ramrolf.lv\/lv\/wp-json\/wp\/v2\/types\/product"}],"wp:featuredmedia":[{"embeddable":true,"href":"https:\/\/ramrolf.lv\/lv\/wp-json\/wp\/v2\/media\/47959"}],"wp:attachment":[{"href":"https:\/\/ramrolf.lv\/lv\/wp-json\/wp\/v2\/media?parent=47958"}],"wp:term":[{"taxonomy":"product_cat","embeddable":true,"href":"https:\/\/ramrolf.lv\/lv\/wp-json\/wp\/v2\/product_cat?post=47958"},{"taxonomy":"product_tag","embeddable":true,"href":"https:\/\/ramrolf.lv\/lv\/wp-json\/wp\/v2\/product_tag?post=47958"}],"curies":[{"name":"wp","href":"https:\/\/api.w.org\/{rel}","templated":true}]}}