{"id":47986,"date":"2019-03-22T13:36:27","date_gmt":"2019-03-22T10:36:27","guid":{"rendered":"https:\/\/ramrolf.eu\/product\/new-product-5\/"},"modified":"2019-03-22T13:38:26","modified_gmt":"2019-03-22T10:38:26","slug":"suklis-magnetiskajam-tafelem-102-x-53-x-18-mm","status":"publish","type":"product","link":"https:\/\/ramrolf.lv\/lv\/product\/suklis-magnetiskajam-tafelem-102-x-53-x-18-mm\/","title":{"rendered":"S\u016bklis magn\u0113tiskaj\u0101m t\u0101fel\u0113m (102 x 53 x 18 mm)"},"content":{"rendered":"","protected":false},"excerpt":{"rendered":"<p>S\u016bklis magn\u0113tiskaj\u0101m t\u0101fel\u0113m, magn\u0113tisks, izm\u0113ri 102x53x18mm, kr\u0101sas assorti. <\/p>\n","protected":false},"featured_media":47987,"template":"","meta":[],"product_cat":[996],"product_tag":[],"_links":{"self":[{"href":"https:\/\/ramrolf.lv\/lv\/wp-json\/wp\/v2\/product\/47986"}],"collection":[{"href":"https:\/\/ramrolf.lv\/lv\/wp-json\/wp\/v2\/product"}],"about":[{"href":"https:\/\/ramrolf.lv\/lv\/wp-json\/wp\/v2\/types\/product"}],"wp:featuredmedia":[{"embeddable":true,"href":"https:\/\/ramrolf.lv\/lv\/wp-json\/wp\/v2\/media\/47987"}],"wp:attachment":[{"href":"https:\/\/ramrolf.lv\/lv\/wp-json\/wp\/v2\/media?parent=47986"}],"wp:term":[{"taxonomy":"product_cat","embeddable":true,"href":"https:\/\/ramrolf.lv\/lv\/wp-json\/wp\/v2\/product_cat?post=47986"},{"taxonomy":"product_tag","embeddable":true,"href":"https:\/\/ramrolf.lv\/lv\/wp-json\/wp\/v2\/product_tag?post=47986"}],"curies":[{"name":"wp","href":"https:\/\/api.w.org\/{rel}","templated":true}]}}