{"id":47988,"date":"2019-03-22T13:38:48","date_gmt":"2019-03-22T10:38:48","guid":{"rendered":"https:\/\/ramrolf.eu\/product\/new-product-5\/"},"modified":"2019-03-22T13:41:12","modified_gmt":"2019-03-22T10:41:12","slug":"universals-tafelu-stativs","status":"publish","type":"product","link":"https:\/\/ramrolf.lv\/lv\/product\/universals-tafelu-stativs\/","title":{"rendered":"Univers\u0101ls t\u0101fe\u013cu stat\u012bvs"},"content":{"rendered":"","protected":false},"excerpt":{"rendered":"<p>Lai neb\u016btu sien\u0101 j\u0101sit caurums, izmanto t\u0101fe\u013cu stat\u012bvu. Der gan vienpus\u0113j\u0101m, gan abpus\u0113j\u0101m visa veida t\u0101fel\u0113m s\u0101kot no 90 cm l\u012bdz 200 cm. Stat\u012bvs ar ritenti\u0146iem. T\u0101feles stat\u012bvs nesalikt\u0101 veid\u0101. <\/p>\n","protected":false},"featured_media":47989,"template":"","meta":[],"product_cat":[996,995],"product_tag":[],"_links":{"self":[{"href":"https:\/\/ramrolf.lv\/lv\/wp-json\/wp\/v2\/product\/47988"}],"collection":[{"href":"https:\/\/ramrolf.lv\/lv\/wp-json\/wp\/v2\/product"}],"about":[{"href":"https:\/\/ramrolf.lv\/lv\/wp-json\/wp\/v2\/types\/product"}],"wp:featuredmedia":[{"embeddable":true,"href":"https:\/\/ramrolf.lv\/lv\/wp-json\/wp\/v2\/media\/47989"}],"wp:attachment":[{"href":"https:\/\/ramrolf.lv\/lv\/wp-json\/wp\/v2\/media?parent=47988"}],"wp:term":[{"taxonomy":"product_cat","embeddable":true,"href":"https:\/\/ramrolf.lv\/lv\/wp-json\/wp\/v2\/product_cat?post=47988"},{"taxonomy":"product_tag","embeddable":true,"href":"https:\/\/ramrolf.lv\/lv\/wp-json\/wp\/v2\/product_tag?post=47988"}],"curies":[{"name":"wp","href":"https:\/\/api.w.org\/{rel}","templated":true}]}}