{"id":47995,"date":"2019-03-22T13:46:43","date_gmt":"2019-03-22T10:46:43","guid":{"rendered":"https:\/\/ramrolf.eu\/product\/new-product-5\/"},"modified":"2019-03-22T13:47:31","modified_gmt":"2019-03-22T10:47:31","slug":"stikla-tafele-60x45-cm","status":"publish","type":"product","link":"https:\/\/ramrolf.lv\/lv\/product\/stikla-tafele-60x45-cm\/","title":{"rendered":"Stikla t\u0101fele 60&#215;45 cm"},"content":{"rendered":"","protected":false},"excerpt":{"rendered":"<p>Magn\u0113tiska, izgatavota no r\u016bd\u012bta stikla, iztur\u012bga pret skr\u0101p\u0113jumiem. <\/p>\n","protected":false},"featured_media":47993,"template":"","meta":[],"product_cat":[995],"product_tag":[],"_links":{"self":[{"href":"https:\/\/ramrolf.lv\/lv\/wp-json\/wp\/v2\/product\/47995"}],"collection":[{"href":"https:\/\/ramrolf.lv\/lv\/wp-json\/wp\/v2\/product"}],"about":[{"href":"https:\/\/ramrolf.lv\/lv\/wp-json\/wp\/v2\/types\/product"}],"wp:featuredmedia":[{"embeddable":true,"href":"https:\/\/ramrolf.lv\/lv\/wp-json\/wp\/v2\/media\/47993"}],"wp:attachment":[{"href":"https:\/\/ramrolf.lv\/lv\/wp-json\/wp\/v2\/media?parent=47995"}],"wp:term":[{"taxonomy":"product_cat","embeddable":true,"href":"https:\/\/ramrolf.lv\/lv\/wp-json\/wp\/v2\/product_cat?post=47995"},{"taxonomy":"product_tag","embeddable":true,"href":"https:\/\/ramrolf.lv\/lv\/wp-json\/wp\/v2\/product_tag?post=47995"}],"curies":[{"name":"wp","href":"https:\/\/api.w.org\/{rel}","templated":true}]}}