{"id":48012,"date":"2019-03-22T14:36:26","date_gmt":"2019-03-22T11:36:26","guid":{"rendered":"https:\/\/ramrolf.eu\/product\/new-product-5\/"},"modified":"2019-03-22T14:37:29","modified_gmt":"2019-03-22T11:37:29","slug":"personas-karte-90x55mm-caurspidiga-horizontala-bez-klipsa","status":"publish","type":"product","link":"https:\/\/ramrolf.lv\/lv\/product\/personas-karte-90x55mm-caurspidiga-horizontala-bez-klipsa\/","title":{"rendered":"Personas karte 90x55mm caursp\u012bd\u012bga horizont\u0101la bez klip\u0161a"},"content":{"rendered":"","protected":false},"excerpt":{"rendered":"<p>no stingras plastmasas 0.5mm biezas <\/p>\n","protected":false},"featured_media":48011,"template":"","meta":[],"product_cat":[999],"product_tag":[],"_links":{"self":[{"href":"https:\/\/ramrolf.lv\/lv\/wp-json\/wp\/v2\/product\/48012"}],"collection":[{"href":"https:\/\/ramrolf.lv\/lv\/wp-json\/wp\/v2\/product"}],"about":[{"href":"https:\/\/ramrolf.lv\/lv\/wp-json\/wp\/v2\/types\/product"}],"wp:featuredmedia":[{"embeddable":true,"href":"https:\/\/ramrolf.lv\/lv\/wp-json\/wp\/v2\/media\/48011"}],"wp:attachment":[{"href":"https:\/\/ramrolf.lv\/lv\/wp-json\/wp\/v2\/media?parent=48012"}],"wp:term":[{"taxonomy":"product_cat","embeddable":true,"href":"https:\/\/ramrolf.lv\/lv\/wp-json\/wp\/v2\/product_cat?post=48012"},{"taxonomy":"product_tag","embeddable":true,"href":"https:\/\/ramrolf.lv\/lv\/wp-json\/wp\/v2\/product_tag?post=48012"}],"curies":[{"name":"wp","href":"https:\/\/api.w.org\/{rel}","templated":true}]}}