{"id":48013,"date":"2019-03-22T14:39:55","date_gmt":"2019-03-22T11:39:55","guid":{"rendered":"https:\/\/ramrolf.eu\/product\/new-product-5\/"},"modified":"2019-03-22T14:41:05","modified_gmt":"2019-03-22T11:41:05","slug":"personas-karte-90x55mm-caurspidiga-vertikala-ar-klipsi","status":"publish","type":"product","link":"https:\/\/ramrolf.lv\/lv\/product\/personas-karte-90x55mm-caurspidiga-vertikala-ar-klipsi\/","title":{"rendered":"Personas karte 90x55mm caursp\u012bd\u012bga vertik\u0101la ar klipsi"},"content":{"rendered":"","protected":false},"excerpt":{"rendered":"<p>no stingras plastmasas 0.5mm biezas <\/p>\n","protected":false},"featured_media":48011,"template":"","meta":[],"product_cat":[999],"product_tag":[],"_links":{"self":[{"href":"https:\/\/ramrolf.lv\/lv\/wp-json\/wp\/v2\/product\/48013"}],"collection":[{"href":"https:\/\/ramrolf.lv\/lv\/wp-json\/wp\/v2\/product"}],"about":[{"href":"https:\/\/ramrolf.lv\/lv\/wp-json\/wp\/v2\/types\/product"}],"wp:featuredmedia":[{"embeddable":true,"href":"https:\/\/ramrolf.lv\/lv\/wp-json\/wp\/v2\/media\/48011"}],"wp:attachment":[{"href":"https:\/\/ramrolf.lv\/lv\/wp-json\/wp\/v2\/media?parent=48013"}],"wp:term":[{"taxonomy":"product_cat","embeddable":true,"href":"https:\/\/ramrolf.lv\/lv\/wp-json\/wp\/v2\/product_cat?post=48013"},{"taxonomy":"product_tag","embeddable":true,"href":"https:\/\/ramrolf.lv\/lv\/wp-json\/wp\/v2\/product_tag?post=48013"}],"curies":[{"name":"wp","href":"https:\/\/api.w.org\/{rel}","templated":true}]}}