{"id":48026,"date":"2019-03-22T17:31:01","date_gmt":"2019-03-22T14:31:01","guid":{"rendered":"https:\/\/ramrolf.eu\/product\/new-product-5\/"},"modified":"2019-04-01T11:39:19","modified_gmt":"2019-04-01T08:39:19","slug":"saspiests-gaiss-400-ml","status":"publish","type":"product","link":"https:\/\/ramrolf.lv\/lv\/product\/saspiests-gaiss-400-ml\/","title":{"rendered":"Saspiests gaiss 400 ml"},"content":{"rendered":"","protected":false},"excerpt":{"rendered":"<p>Saspiests gaiss, kas izp\u016b\u0161 putek\u013cus un net\u012brumus no gr\u016bti pieejam\u0101m viet\u0101m datora tastat\u016br\u0101s, printeros, CD-ROM, kop\u0113jamos apar\u0101tos, faksos un.t.t. Nesatur CFC vai HCFC. Balons zem spiediena. Ra\u017eots V\u0101cij\u0101 <\/p>\n","protected":false},"featured_media":48027,"template":"","meta":[],"product_cat":[1000],"product_tag":[],"_links":{"self":[{"href":"https:\/\/ramrolf.lv\/lv\/wp-json\/wp\/v2\/product\/48026"}],"collection":[{"href":"https:\/\/ramrolf.lv\/lv\/wp-json\/wp\/v2\/product"}],"about":[{"href":"https:\/\/ramrolf.lv\/lv\/wp-json\/wp\/v2\/types\/product"}],"wp:featuredmedia":[{"embeddable":true,"href":"https:\/\/ramrolf.lv\/lv\/wp-json\/wp\/v2\/media\/48027"}],"wp:attachment":[{"href":"https:\/\/ramrolf.lv\/lv\/wp-json\/wp\/v2\/media?parent=48026"}],"wp:term":[{"taxonomy":"product_cat","embeddable":true,"href":"https:\/\/ramrolf.lv\/lv\/wp-json\/wp\/v2\/product_cat?post=48026"},{"taxonomy":"product_tag","embeddable":true,"href":"https:\/\/ramrolf.lv\/lv\/wp-json\/wp\/v2\/product_tag?post=48026"}],"curies":[{"name":"wp","href":"https:\/\/api.w.org\/{rel}","templated":true}]}}