{"id":48047,"date":"2019-03-26T18:09:58","date_gmt":"2019-03-26T15:09:58","guid":{"rendered":"https:\/\/ramrolf.eu\/product\/new-product-5\/"},"modified":"2019-04-01T11:39:11","modified_gmt":"2019-04-01T08:39:11","slug":"lavazza-rossa-1kg","status":"publish","type":"product","link":"https:\/\/ramrolf.lv\/lv\/product\/lavazza-rossa-1kg\/","title":{"rendered":"LAVAZZA Rossa 1kg"},"content":{"rendered":"","protected":false},"excerpt":{"rendered":"<p>LAVAZZA Rossa kafijas pupi\u0146as, 1000g. Vid\u0113ji grauzd\u0113tu, Arabika un Robusta kafijas pupi\u0146u mais\u012bjums.<\/p>\n","protected":false},"featured_media":48124,"template":"","meta":[],"product_cat":[372],"product_tag":[],"_links":{"self":[{"href":"https:\/\/ramrolf.lv\/lv\/wp-json\/wp\/v2\/product\/48047"}],"collection":[{"href":"https:\/\/ramrolf.lv\/lv\/wp-json\/wp\/v2\/product"}],"about":[{"href":"https:\/\/ramrolf.lv\/lv\/wp-json\/wp\/v2\/types\/product"}],"wp:featuredmedia":[{"embeddable":true,"href":"https:\/\/ramrolf.lv\/lv\/wp-json\/wp\/v2\/media\/48124"}],"wp:attachment":[{"href":"https:\/\/ramrolf.lv\/lv\/wp-json\/wp\/v2\/media?parent=48047"}],"wp:term":[{"taxonomy":"product_cat","embeddable":true,"href":"https:\/\/ramrolf.lv\/lv\/wp-json\/wp\/v2\/product_cat?post=48047"},{"taxonomy":"product_tag","embeddable":true,"href":"https:\/\/ramrolf.lv\/lv\/wp-json\/wp\/v2\/product_tag?post=48047"}],"curies":[{"name":"wp","href":"https:\/\/api.w.org\/{rel}","templated":true}]}}