{"id":48048,"date":"2019-03-26T18:14:39","date_gmt":"2019-03-26T15:14:39","guid":{"rendered":"https:\/\/ramrolf.eu\/product\/new-product-5\/"},"modified":"2019-06-05T23:12:17","modified_gmt":"2019-06-05T20:12:17","slug":"lavazza-espresso-top-class-gran-gusto-1kg","status":"publish","type":"product","link":"https:\/\/ramrolf.lv\/lv\/product\/lavazza-espresso-top-class-gran-gusto-1kg\/","title":{"rendered":"LAVAZZA Espresso Top Class Gran Gusto 1kg"},"content":{"rendered":"","protected":false},"excerpt":{"rendered":"<p> LAVAZZA Espresso Top Class Gran Gusto kafijas pupi\u0146as, 1000g. Lavazza Top klases &#8211; mais\u012bjums no lab\u0101kaj\u0101m \u0161\u0137irn\u0113m Arabikas pupi\u0146as no Dienvidamerikas un \u0100zijas Robusta. Pateicoties pies\u0101tin\u0101tajai gar\u0161ai un arom\u0101tam, t\u0101 b\u016bs ide\u0101la it\u0101\u013cu espresso pagatavo\u0161anai.<\/p>\n","protected":false},"featured_media":48112,"template":"","meta":[],"product_cat":[372],"product_tag":[],"_links":{"self":[{"href":"https:\/\/ramrolf.lv\/lv\/wp-json\/wp\/v2\/product\/48048"}],"collection":[{"href":"https:\/\/ramrolf.lv\/lv\/wp-json\/wp\/v2\/product"}],"about":[{"href":"https:\/\/ramrolf.lv\/lv\/wp-json\/wp\/v2\/types\/product"}],"wp:featuredmedia":[{"embeddable":true,"href":"https:\/\/ramrolf.lv\/lv\/wp-json\/wp\/v2\/media\/48112"}],"wp:attachment":[{"href":"https:\/\/ramrolf.lv\/lv\/wp-json\/wp\/v2\/media?parent=48048"}],"wp:term":[{"taxonomy":"product_cat","embeddable":true,"href":"https:\/\/ramrolf.lv\/lv\/wp-json\/wp\/v2\/product_cat?post=48048"},{"taxonomy":"product_tag","embeddable":true,"href":"https:\/\/ramrolf.lv\/lv\/wp-json\/wp\/v2\/product_tag?post=48048"}],"curies":[{"name":"wp","href":"https:\/\/api.w.org\/{rel}","templated":true}]}}