{"id":48049,"date":"2019-03-26T18:17:04","date_gmt":"2019-03-26T15:17:04","guid":{"rendered":"https:\/\/ramrolf.eu\/product\/new-product-5\/"},"modified":"2019-04-01T11:39:09","modified_gmt":"2019-04-01T08:39:09","slug":"lavazza-espresso-gold-selection-1kg","status":"publish","type":"product","link":"https:\/\/ramrolf.lv\/lv\/product\/lavazza-espresso-gold-selection-1kg\/","title":{"rendered":"LAVAZZA Espresso Gold Selection 1kg"},"content":{"rendered":"","protected":false},"excerpt":{"rendered":"<p>LAVAZZA Espresso Gold Selection kafijas pupi\u0146as, 1000g. It\u0101\u013cu kafijas speci\u0101listu veidotais pasaul\u0113 lab\u0101ko kafijas \u0161\u0137ir\u0146u pupi\u0146u mais\u012bjums ar izteiktu, pies\u0101tin\u0101tu gar\u0161u. Unik\u0101ls, pies\u0101tin\u0101ts espresso ar piena \u0161okol\u0101des smar\u017eu un vani\u013cas not\u012bm.<\/p>\n","protected":false},"featured_media":48111,"template":"","meta":[],"product_cat":[372],"product_tag":[],"_links":{"self":[{"href":"https:\/\/ramrolf.lv\/lv\/wp-json\/wp\/v2\/product\/48049"}],"collection":[{"href":"https:\/\/ramrolf.lv\/lv\/wp-json\/wp\/v2\/product"}],"about":[{"href":"https:\/\/ramrolf.lv\/lv\/wp-json\/wp\/v2\/types\/product"}],"wp:featuredmedia":[{"embeddable":true,"href":"https:\/\/ramrolf.lv\/lv\/wp-json\/wp\/v2\/media\/48111"}],"wp:attachment":[{"href":"https:\/\/ramrolf.lv\/lv\/wp-json\/wp\/v2\/media?parent=48049"}],"wp:term":[{"taxonomy":"product_cat","embeddable":true,"href":"https:\/\/ramrolf.lv\/lv\/wp-json\/wp\/v2\/product_cat?post=48049"},{"taxonomy":"product_tag","embeddable":true,"href":"https:\/\/ramrolf.lv\/lv\/wp-json\/wp\/v2\/product_tag?post=48049"}],"curies":[{"name":"wp","href":"https:\/\/api.w.org\/{rel}","templated":true}]}}