{"id":48116,"date":"2019-03-28T10:47:23","date_gmt":"2019-03-28T07:47:23","guid":{"rendered":"https:\/\/ramrolf.eu\/product\/new-product-5\/"},"modified":"2019-04-27T16:44:17","modified_gmt":"2019-04-27T13:44:17","slug":"lavazza-tierra-1kg","status":"publish","type":"product","link":"https:\/\/ramrolf.lv\/lv\/product\/lavazza-tierra-1kg\/","title":{"rendered":"LAVAZZA Tierra 1kg"},"content":{"rendered":"","protected":false},"excerpt":{"rendered":"<\/p>\n<p>LAVAZZA Tierra 100% arabika kafijas pupi\u0146as 1000g. Kafijas pupi\u0146as no Kolumbijas, Peru un Hondurasa. Kafija ar \u0161okol\u0101des gar\u0161u, biezu tekst\u016bru un lielisk\u0101m put\u0101m.<\/p>\n<p>\n","protected":false},"featured_media":48117,"template":"","meta":[],"product_cat":[372],"product_tag":[],"_links":{"self":[{"href":"https:\/\/ramrolf.lv\/lv\/wp-json\/wp\/v2\/product\/48116"}],"collection":[{"href":"https:\/\/ramrolf.lv\/lv\/wp-json\/wp\/v2\/product"}],"about":[{"href":"https:\/\/ramrolf.lv\/lv\/wp-json\/wp\/v2\/types\/product"}],"wp:featuredmedia":[{"embeddable":true,"href":"https:\/\/ramrolf.lv\/lv\/wp-json\/wp\/v2\/media\/48117"}],"wp:attachment":[{"href":"https:\/\/ramrolf.lv\/lv\/wp-json\/wp\/v2\/media?parent=48116"}],"wp:term":[{"taxonomy":"product_cat","embeddable":true,"href":"https:\/\/ramrolf.lv\/lv\/wp-json\/wp\/v2\/product_cat?post=48116"},{"taxonomy":"product_tag","embeddable":true,"href":"https:\/\/ramrolf.lv\/lv\/wp-json\/wp\/v2\/product_tag?post=48116"}],"curies":[{"name":"wp","href":"https:\/\/api.w.org\/{rel}","templated":true}]}}