{"id":48118,"date":"2019-03-28T10:51:40","date_gmt":"2019-03-28T07:51:40","guid":{"rendered":"https:\/\/ramrolf.eu\/product\/new-product-5\/"},"modified":"2019-06-03T14:45:05","modified_gmt":"2019-06-03T11:45:05","slug":"lavazza-gusto-forte-1kg","status":"publish","type":"product","link":"https:\/\/ramrolf.lv\/lv\/product\/lavazza-gusto-forte-1kg\/","title":{"rendered":"LAVAZZA Gusto Forte 1kg"},"content":{"rendered":"","protected":false},"excerpt":{"rendered":"<p>LAVAZZA Gusto Forte kafijas pupi\u0146as, 1000g. Sast\u0101v\u0101 100 % Robusta kafijas pupi\u0146as ar izteiktu stipru arom\u0101tu. Mais\u012bjums ar notur\u012bg\u0101m puti\u0146\u0101m un stipru, iztektu arom\u0101tu, ar pat\u012bkamu kakao p\u0113cgar\u0161u.<\/p>\n","protected":false},"featured_media":48119,"template":"","meta":[],"product_cat":[372],"product_tag":[],"_links":{"self":[{"href":"https:\/\/ramrolf.lv\/lv\/wp-json\/wp\/v2\/product\/48118"}],"collection":[{"href":"https:\/\/ramrolf.lv\/lv\/wp-json\/wp\/v2\/product"}],"about":[{"href":"https:\/\/ramrolf.lv\/lv\/wp-json\/wp\/v2\/types\/product"}],"wp:featuredmedia":[{"embeddable":true,"href":"https:\/\/ramrolf.lv\/lv\/wp-json\/wp\/v2\/media\/48119"}],"wp:attachment":[{"href":"https:\/\/ramrolf.lv\/lv\/wp-json\/wp\/v2\/media?parent=48118"}],"wp:term":[{"taxonomy":"product_cat","embeddable":true,"href":"https:\/\/ramrolf.lv\/lv\/wp-json\/wp\/v2\/product_cat?post=48118"},{"taxonomy":"product_tag","embeddable":true,"href":"https:\/\/ramrolf.lv\/lv\/wp-json\/wp\/v2\/product_tag?post=48118"}],"curies":[{"name":"wp","href":"https:\/\/api.w.org\/{rel}","templated":true}]}}