{"id":48120,"date":"2019-03-28T10:57:05","date_gmt":"2019-03-28T07:57:05","guid":{"rendered":"https:\/\/ramrolf.eu\/product\/new-product-5\/"},"modified":"2019-06-03T14:49:41","modified_gmt":"2019-06-03T11:49:41","slug":"lavazza-pienaroma-1kg","status":"publish","type":"product","link":"https:\/\/ramrolf.lv\/lv\/product\/lavazza-pienaroma-1kg\/","title":{"rendered":"LAVAZZA Pienaroma 1kg"},"content":{"rendered":"","protected":false},"excerpt":{"rendered":"<p>LAVAZZA Pienaroma 100% Arabika kafijas pupi\u0146as, 1000g. Kafijas pupi\u0146as no Braz\u012blijas, Peru un Hondurasa. Vid\u0113ja grauzd\u0113juma kafija ar pies\u0101tin\u0101tu v\u012b\u0123es gar\u0161u un jasm\u012bna ziedu arom\u0101tu.<\/p>\n","protected":false},"featured_media":48123,"template":"","meta":[],"product_cat":[372],"product_tag":[],"_links":{"self":[{"href":"https:\/\/ramrolf.lv\/lv\/wp-json\/wp\/v2\/product\/48120"}],"collection":[{"href":"https:\/\/ramrolf.lv\/lv\/wp-json\/wp\/v2\/product"}],"about":[{"href":"https:\/\/ramrolf.lv\/lv\/wp-json\/wp\/v2\/types\/product"}],"wp:featuredmedia":[{"embeddable":true,"href":"https:\/\/ramrolf.lv\/lv\/wp-json\/wp\/v2\/media\/48123"}],"wp:attachment":[{"href":"https:\/\/ramrolf.lv\/lv\/wp-json\/wp\/v2\/media?parent=48120"}],"wp:term":[{"taxonomy":"product_cat","embeddable":true,"href":"https:\/\/ramrolf.lv\/lv\/wp-json\/wp\/v2\/product_cat?post=48120"},{"taxonomy":"product_tag","embeddable":true,"href":"https:\/\/ramrolf.lv\/lv\/wp-json\/wp\/v2\/product_tag?post=48120"}],"curies":[{"name":"wp","href":"https:\/\/api.w.org\/{rel}","templated":true}]}}