{"id":52988,"date":"2019-09-04T19:21:28","date_gmt":"2019-09-04T16:21:28","guid":{"rendered":"https:\/\/ramrolf.eu\/lv\/product\/import-placeholder-for-49945\/"},"modified":"2019-09-05T11:55:14","modified_gmt":"2019-09-05T08:55:14","slug":"lvkartridzs-lexmark-c950x2cg-cyan-c950de-22000k","status":"publish","type":"product","link":"https:\/\/ramrolf.lv\/lv\/product\/lvkartridzs-lexmark-c950x2cg-cyan-c950de-22000k\/","title":{"rendered":"K\u0101rtrid\u017es Lexmark C950X2CG Cyan  C950de (22000k)"},"content":{"rendered":"<p>K\u0101rtrid\u017es Lexmark C950X2CG Cyan  C950de (22000k)<\/p>\n","protected":false},"excerpt":{"rendered":"<p>K\u0101rtrid\u017es Lexmark C950X2CG Cyan C950de (22000k)<\/p>\n","protected":false},"featured_media":0,"template":"","meta":[],"product_cat":[291,289],"product_tag":[],"_links":{"self":[{"href":"https:\/\/ramrolf.lv\/lv\/wp-json\/wp\/v2\/product\/52988"}],"collection":[{"href":"https:\/\/ramrolf.lv\/lv\/wp-json\/wp\/v2\/product"}],"about":[{"href":"https:\/\/ramrolf.lv\/lv\/wp-json\/wp\/v2\/types\/product"}],"wp:attachment":[{"href":"https:\/\/ramrolf.lv\/lv\/wp-json\/wp\/v2\/media?parent=52988"}],"wp:term":[{"taxonomy":"product_cat","embeddable":true,"href":"https:\/\/ramrolf.lv\/lv\/wp-json\/wp\/v2\/product_cat?post=52988"},{"taxonomy":"product_tag","embeddable":true,"href":"https:\/\/ramrolf.lv\/lv\/wp-json\/wp\/v2\/product_tag?post=52988"}],"curies":[{"name":"wp","href":"https:\/\/api.w.org\/{rel}","templated":true}]}}