{"id":53088,"date":"2019-09-04T19:28:30","date_gmt":"2019-09-04T16:28:30","guid":{"rendered":"https:\/\/ramrolf.eu\/lv\/product\/import-placeholder-for-50008\/"},"modified":"2019-09-05T11:50:10","modified_gmt":"2019-09-05T08:50:10","slug":"lvkartridzs-nv-106r01149-phaser-350012000","status":"publish","type":"product","link":"https:\/\/ramrolf.lv\/lv\/product\/lvkartridzs-nv-106r01149-phaser-350012000\/","title":{"rendered":"K\u0101rtrid\u017es NV-106R01149    Phaser 3500(12000)"},"content":{"rendered":"<p>K\u0101rtrid\u017es NV-106R01149    Phaser 3500(12000)<\/p>\n","protected":false},"excerpt":{"rendered":"<p>K\u0101rtrid\u017es NV-106R01149 Phaser 3500(12000)<\/p>\n","protected":false},"featured_media":53135,"template":"","meta":[],"product_cat":[291],"product_tag":[],"_links":{"self":[{"href":"https:\/\/ramrolf.lv\/lv\/wp-json\/wp\/v2\/product\/53088"}],"collection":[{"href":"https:\/\/ramrolf.lv\/lv\/wp-json\/wp\/v2\/product"}],"about":[{"href":"https:\/\/ramrolf.lv\/lv\/wp-json\/wp\/v2\/types\/product"}],"wp:featuredmedia":[{"embeddable":true,"href":"https:\/\/ramrolf.lv\/lv\/wp-json\/wp\/v2\/media\/53135"}],"wp:attachment":[{"href":"https:\/\/ramrolf.lv\/lv\/wp-json\/wp\/v2\/media?parent=53088"}],"wp:term":[{"taxonomy":"product_cat","embeddable":true,"href":"https:\/\/ramrolf.lv\/lv\/wp-json\/wp\/v2\/product_cat?post=53088"},{"taxonomy":"product_tag","embeddable":true,"href":"https:\/\/ramrolf.lv\/lv\/wp-json\/wp\/v2\/product_tag?post=53088"}],"curies":[{"name":"wp","href":"https:\/\/api.w.org\/{rel}","templated":true}]}}