{"id":53090,"date":"2019-09-04T19:28:31","date_gmt":"2019-09-04T16:28:31","guid":{"rendered":"https:\/\/ramrolf.eu\/lv\/product\/import-placeholder-for-50010\/"},"modified":"2019-09-05T11:50:09","modified_gmt":"2019-09-05T08:50:09","slug":"lvkartridzs-nv-106r01206-cyan-xerox-phaser-6110mfp-1000k","status":"publish","type":"product","link":"https:\/\/ramrolf.lv\/lv\/product\/lvkartridzs-nv-106r01206-cyan-xerox-phaser-6110mfp-1000k\/","title":{"rendered":"K\u0101rtrid\u017es NV-106R01206 Cyan  Xerox Phaser 6110MFP (1000k)"},"content":{"rendered":"<p>K\u0101rtrid\u017es NV-106R01206 Cyan  Xerox Phaser 6110MFP (1000k)<\/p>\n","protected":false},"excerpt":{"rendered":"<p>K\u0101rtrid\u017es NV-106R01206 Cyan Xerox Phaser 6110MFP (1000k)<\/p>\n","protected":false},"featured_media":53140,"template":"","meta":[],"product_cat":[291],"product_tag":[],"_links":{"self":[{"href":"https:\/\/ramrolf.lv\/lv\/wp-json\/wp\/v2\/product\/53090"}],"collection":[{"href":"https:\/\/ramrolf.lv\/lv\/wp-json\/wp\/v2\/product"}],"about":[{"href":"https:\/\/ramrolf.lv\/lv\/wp-json\/wp\/v2\/types\/product"}],"wp:featuredmedia":[{"embeddable":true,"href":"https:\/\/ramrolf.lv\/lv\/wp-json\/wp\/v2\/media\/53140"}],"wp:attachment":[{"href":"https:\/\/ramrolf.lv\/lv\/wp-json\/wp\/v2\/media?parent=53090"}],"wp:term":[{"taxonomy":"product_cat","embeddable":true,"href":"https:\/\/ramrolf.lv\/lv\/wp-json\/wp\/v2\/product_cat?post=53090"},{"taxonomy":"product_tag","embeddable":true,"href":"https:\/\/ramrolf.lv\/lv\/wp-json\/wp\/v2\/product_tag?post=53090"}],"curies":[{"name":"wp","href":"https:\/\/api.w.org\/{rel}","templated":true}]}}