{"id":53093,"date":"2019-09-04T19:28:34","date_gmt":"2019-09-04T16:28:34","guid":{"rendered":"https:\/\/ramrolf.eu\/lv\/product\/import-placeholder-for-50013\/"},"modified":"2019-09-05T11:50:07","modified_gmt":"2019-09-05T08:50:07","slug":"lvkartridzs-nv-106r01220-yellow-phaser-636012000","status":"publish","type":"product","link":"https:\/\/ramrolf.lv\/lv\/product\/lvkartridzs-nv-106r01220-yellow-phaser-636012000\/","title":{"rendered":"K\u0101rtrid\u017es NV-106R01220 Yellow   Phaser 6360(12000)"},"content":{"rendered":"<p>K\u0101rtrid\u017es NV-106R01220 Yellow   Phaser 6360(12000)<\/p>\n","protected":false},"excerpt":{"rendered":"<p>K\u0101rtrid\u017es NV-106R01220 Yellow Phaser 6360(12000)<\/p>\n","protected":false},"featured_media":53145,"template":"","meta":[],"product_cat":[291],"product_tag":[],"_links":{"self":[{"href":"https:\/\/ramrolf.lv\/lv\/wp-json\/wp\/v2\/product\/53093"}],"collection":[{"href":"https:\/\/ramrolf.lv\/lv\/wp-json\/wp\/v2\/product"}],"about":[{"href":"https:\/\/ramrolf.lv\/lv\/wp-json\/wp\/v2\/types\/product"}],"wp:featuredmedia":[{"embeddable":true,"href":"https:\/\/ramrolf.lv\/lv\/wp-json\/wp\/v2\/media\/53145"}],"wp:attachment":[{"href":"https:\/\/ramrolf.lv\/lv\/wp-json\/wp\/v2\/media?parent=53093"}],"wp:term":[{"taxonomy":"product_cat","embeddable":true,"href":"https:\/\/ramrolf.lv\/lv\/wp-json\/wp\/v2\/product_cat?post=53093"},{"taxonomy":"product_tag","embeddable":true,"href":"https:\/\/ramrolf.lv\/lv\/wp-json\/wp\/v2\/product_tag?post=53093"}],"curies":[{"name":"wp","href":"https:\/\/api.w.org\/{rel}","templated":true}]}}