{"id":53131,"date":"2019-09-04T19:32:10","date_gmt":"2019-09-04T16:32:10","guid":{"rendered":"https:\/\/ramrolf.eu\/lv\/product\/import-placeholder-for-50034\/"},"modified":"2019-09-05T11:48:10","modified_gmt":"2019-09-05T08:48:10","slug":"lvkartridzs-nv-106r01415-phaser-343510000","status":"publish","type":"product","link":"https:\/\/ramrolf.lv\/lv\/product\/lvkartridzs-nv-106r01415-phaser-343510000\/","title":{"rendered":"K\u0101rtrid\u017es NV-106R01415   Phaser 3435(10000)"},"content":{"rendered":"<p>K\u0101rtrid\u017es NV-106R01415   Phaser 3435(10000)<\/p>\n","protected":false},"excerpt":{"rendered":"<p>K\u0101rtrid\u017es NV-106R01415 Phaser 3435(10000)<\/p>\n","protected":false},"featured_media":53187,"template":"","meta":[],"product_cat":[291],"product_tag":[],"_links":{"self":[{"href":"https:\/\/ramrolf.lv\/lv\/wp-json\/wp\/v2\/product\/53131"}],"collection":[{"href":"https:\/\/ramrolf.lv\/lv\/wp-json\/wp\/v2\/product"}],"about":[{"href":"https:\/\/ramrolf.lv\/lv\/wp-json\/wp\/v2\/types\/product"}],"wp:featuredmedia":[{"embeddable":true,"href":"https:\/\/ramrolf.lv\/lv\/wp-json\/wp\/v2\/media\/53187"}],"wp:attachment":[{"href":"https:\/\/ramrolf.lv\/lv\/wp-json\/wp\/v2\/media?parent=53131"}],"wp:term":[{"taxonomy":"product_cat","embeddable":true,"href":"https:\/\/ramrolf.lv\/lv\/wp-json\/wp\/v2\/product_cat?post=53131"},{"taxonomy":"product_tag","embeddable":true,"href":"https:\/\/ramrolf.lv\/lv\/wp-json\/wp\/v2\/product_tag?post=53131"}],"curies":[{"name":"wp","href":"https:\/\/api.w.org\/{rel}","templated":true}]}}