{"id":53137,"date":"2019-09-04T19:32:48","date_gmt":"2019-09-04T16:32:48","guid":{"rendered":"https:\/\/ramrolf.eu\/lv\/product\/import-placeholder-for-50037\/"},"modified":"2019-09-05T11:48:05","modified_gmt":"2019-09-05T08:48:05","slug":"lvkartridzs-nv-106r01445-yellow-phaser-750017800","status":"publish","type":"product","link":"https:\/\/ramrolf.lv\/lv\/product\/lvkartridzs-nv-106r01445-yellow-phaser-750017800\/","title":{"rendered":"K\u0101rtrid\u017es NV-106R01445 Yellow   Phaser 7500(17800)"},"content":{"rendered":"<p>K\u0101rtrid\u017es NV-106R01445 Yellow   Phaser 7500(17800)<\/p>\n","protected":false},"excerpt":{"rendered":"<p>K\u0101rtrid\u017es NV-106R01445 Yellow Phaser 7500(17800)<\/p>\n","protected":false},"featured_media":53193,"template":"","meta":[],"product_cat":[291],"product_tag":[],"_links":{"self":[{"href":"https:\/\/ramrolf.lv\/lv\/wp-json\/wp\/v2\/product\/53137"}],"collection":[{"href":"https:\/\/ramrolf.lv\/lv\/wp-json\/wp\/v2\/product"}],"about":[{"href":"https:\/\/ramrolf.lv\/lv\/wp-json\/wp\/v2\/types\/product"}],"wp:featuredmedia":[{"embeddable":true,"href":"https:\/\/ramrolf.lv\/lv\/wp-json\/wp\/v2\/media\/53193"}],"wp:attachment":[{"href":"https:\/\/ramrolf.lv\/lv\/wp-json\/wp\/v2\/media?parent=53137"}],"wp:term":[{"taxonomy":"product_cat","embeddable":true,"href":"https:\/\/ramrolf.lv\/lv\/wp-json\/wp\/v2\/product_cat?post=53137"},{"taxonomy":"product_tag","embeddable":true,"href":"https:\/\/ramrolf.lv\/lv\/wp-json\/wp\/v2\/product_tag?post=53137"}],"curies":[{"name":"wp","href":"https:\/\/api.w.org\/{rel}","templated":true}]}}