{"id":53208,"date":"2019-09-04T19:38:44","date_gmt":"2019-09-04T16:38:44","guid":{"rendered":"https:\/\/ramrolf.eu\/lv\/product\/import-placeholder-for-50073\/"},"modified":"2019-09-05T11:44:57","modified_gmt":"2019-09-05T08:44:57","slug":"lvkartridzs-nv-106r02610-magenta-phaser-71009000","status":"publish","type":"product","link":"https:\/\/ramrolf.lv\/lv\/product\/lvkartridzs-nv-106r02610-magenta-phaser-71009000\/","title":{"rendered":"K\u0101rtrid\u017es NV-106R02610 Magenta   Phaser 7100(9000)"},"content":{"rendered":"<p>K\u0101rtrid\u017es NV-106R02610 Magenta   Phaser 7100(9000)<\/p>\n","protected":false},"excerpt":{"rendered":"<p>K\u0101rtrid\u017es NV-106R02610 Magenta Phaser 7100(9000)<\/p>\n","protected":false},"featured_media":53265,"template":"","meta":[],"product_cat":[291],"product_tag":[],"_links":{"self":[{"href":"https:\/\/ramrolf.lv\/lv\/wp-json\/wp\/v2\/product\/53208"}],"collection":[{"href":"https:\/\/ramrolf.lv\/lv\/wp-json\/wp\/v2\/product"}],"about":[{"href":"https:\/\/ramrolf.lv\/lv\/wp-json\/wp\/v2\/types\/product"}],"wp:featuredmedia":[{"embeddable":true,"href":"https:\/\/ramrolf.lv\/lv\/wp-json\/wp\/v2\/media\/53265"}],"wp:attachment":[{"href":"https:\/\/ramrolf.lv\/lv\/wp-json\/wp\/v2\/media?parent=53208"}],"wp:term":[{"taxonomy":"product_cat","embeddable":true,"href":"https:\/\/ramrolf.lv\/lv\/wp-json\/wp\/v2\/product_cat?post=53208"},{"taxonomy":"product_tag","embeddable":true,"href":"https:\/\/ramrolf.lv\/lv\/wp-json\/wp\/v2\/product_tag?post=53208"}],"curies":[{"name":"wp","href":"https:\/\/api.w.org\/{rel}","templated":true}]}}