{"id":53238,"date":"2019-09-04T19:41:19","date_gmt":"2019-09-04T16:41:19","guid":{"rendered":"https:\/\/ramrolf.eu\/lv\/product\/import-placeholder-for-50088\/"},"modified":"2019-09-05T11:44:11","modified_gmt":"2019-09-05T08:44:11","slug":"lvkartridzs-nv-106r03048-2oo-a-oiae-phaser-3020-workcentre-30253000","status":"publish","type":"product","link":"https:\/\/ramrolf.lv\/lv\/product\/lvkartridzs-nv-106r03048-2oo-a-oiae-phaser-3020-workcentre-30253000\/","title":{"rendered":"K\u0101rtrid\u017es NV-106R03048 (2\u00f8\u00f2 \u00e2 \u00f3\u00ef\u00e0\u00ea)   Phaser 3020\/WorkCentre 3025(3000)"},"content":{"rendered":"<p>K\u0101rtrid\u017es NV-106R03048 (2\u00f8\u00f2 \u00e2 \u00f3\u00ef\u00e0\u00ea)   Phaser 3020\/WorkCentre 3025(3000)<\/p>\n","protected":false},"excerpt":{"rendered":"<p>K\u0101rtrid\u017es NV-106R03048 (2\u00f8\u00f2 \u00e2 \u00f3\u00ef\u00e0\u00ea) Phaser 3020\/WorkCentre 3025(3000)<\/p>\n","protected":false},"featured_media":53295,"template":"","meta":[],"product_cat":[291],"product_tag":[],"_links":{"self":[{"href":"https:\/\/ramrolf.lv\/lv\/wp-json\/wp\/v2\/product\/53238"}],"collection":[{"href":"https:\/\/ramrolf.lv\/lv\/wp-json\/wp\/v2\/product"}],"about":[{"href":"https:\/\/ramrolf.lv\/lv\/wp-json\/wp\/v2\/types\/product"}],"wp:featuredmedia":[{"embeddable":true,"href":"https:\/\/ramrolf.lv\/lv\/wp-json\/wp\/v2\/media\/53295"}],"wp:attachment":[{"href":"https:\/\/ramrolf.lv\/lv\/wp-json\/wp\/v2\/media?parent=53238"}],"wp:term":[{"taxonomy":"product_cat","embeddable":true,"href":"https:\/\/ramrolf.lv\/lv\/wp-json\/wp\/v2\/product_cat?post=53238"},{"taxonomy":"product_tag","embeddable":true,"href":"https:\/\/ramrolf.lv\/lv\/wp-json\/wp\/v2\/product_tag?post=53238"}],"curies":[{"name":"wp","href":"https:\/\/api.w.org\/{rel}","templated":true}]}}