{"id":53256,"date":"2019-09-04T19:42:53","date_gmt":"2019-09-04T16:42:53","guid":{"rendered":"https:\/\/ramrolf.eu\/lv\/product\/import-placeholder-for-50097\/"},"modified":"2019-09-05T11:44:04","modified_gmt":"2019-09-05T08:44:04","slug":"lvkartridzs-nv-108r00796-phaser-3635-mfp10000","status":"publish","type":"product","link":"https:\/\/ramrolf.lv\/lv\/product\/lvkartridzs-nv-108r00796-phaser-3635-mfp10000\/","title":{"rendered":"K\u0101rtrid\u017es NV-108R00796   Phaser 3635 MFP(10000)"},"content":{"rendered":"<p>K\u0101rtrid\u017es NV-108R00796   Phaser 3635 MFP(10000)<\/p>\n","protected":false},"excerpt":{"rendered":"<p>K\u0101rtrid\u017es NV-108R00796 Phaser 3635 MFP(10000)<\/p>\n","protected":false},"featured_media":53314,"template":"","meta":[],"product_cat":[291],"product_tag":[],"_links":{"self":[{"href":"https:\/\/ramrolf.lv\/lv\/wp-json\/wp\/v2\/product\/53256"}],"collection":[{"href":"https:\/\/ramrolf.lv\/lv\/wp-json\/wp\/v2\/product"}],"about":[{"href":"https:\/\/ramrolf.lv\/lv\/wp-json\/wp\/v2\/types\/product"}],"wp:featuredmedia":[{"embeddable":true,"href":"https:\/\/ramrolf.lv\/lv\/wp-json\/wp\/v2\/media\/53314"}],"wp:attachment":[{"href":"https:\/\/ramrolf.lv\/lv\/wp-json\/wp\/v2\/media?parent=53256"}],"wp:term":[{"taxonomy":"product_cat","embeddable":true,"href":"https:\/\/ramrolf.lv\/lv\/wp-json\/wp\/v2\/product_cat?post=53256"},{"taxonomy":"product_tag","embeddable":true,"href":"https:\/\/ramrolf.lv\/lv\/wp-json\/wp\/v2\/product_tag?post=53256"}],"curies":[{"name":"wp","href":"https:\/\/api.w.org\/{rel}","templated":true}]}}