{"id":53266,"date":"2019-09-04T19:43:53","date_gmt":"2019-09-04T16:43:53","guid":{"rendered":"https:\/\/ramrolf.eu\/lv\/product\/import-placeholder-for-50101\/"},"modified":"2019-09-05T11:44:00","modified_gmt":"2019-09-05T08:44:00","slug":"lvkartridzs-nv-113r00628-phaser-440015000","status":"publish","type":"product","link":"https:\/\/ramrolf.lv\/lv\/product\/lvkartridzs-nv-113r00628-phaser-440015000\/","title":{"rendered":"K\u0101rtrid\u017es NV-113R00628   Phaser 4400(15000)"},"content":{"rendered":"<p>K\u0101rtrid\u017es NV-113R00628   Phaser 4400(15000)<\/p>\n","protected":false},"excerpt":{"rendered":"<p>K\u0101rtrid\u017es NV-113R00628 Phaser 4400(15000)<\/p>\n","protected":false},"featured_media":53322,"template":"","meta":[],"product_cat":[291],"product_tag":[],"_links":{"self":[{"href":"https:\/\/ramrolf.lv\/lv\/wp-json\/wp\/v2\/product\/53266"}],"collection":[{"href":"https:\/\/ramrolf.lv\/lv\/wp-json\/wp\/v2\/product"}],"about":[{"href":"https:\/\/ramrolf.lv\/lv\/wp-json\/wp\/v2\/types\/product"}],"wp:featuredmedia":[{"embeddable":true,"href":"https:\/\/ramrolf.lv\/lv\/wp-json\/wp\/v2\/media\/53322"}],"wp:attachment":[{"href":"https:\/\/ramrolf.lv\/lv\/wp-json\/wp\/v2\/media?parent=53266"}],"wp:term":[{"taxonomy":"product_cat","embeddable":true,"href":"https:\/\/ramrolf.lv\/lv\/wp-json\/wp\/v2\/product_cat?post=53266"},{"taxonomy":"product_tag","embeddable":true,"href":"https:\/\/ramrolf.lv\/lv\/wp-json\/wp\/v2\/product_tag?post=53266"}],"curies":[{"name":"wp","href":"https:\/\/api.w.org\/{rel}","templated":true}]}}