{"id":53267,"date":"2019-09-04T19:43:54","date_gmt":"2019-09-04T16:43:54","guid":{"rendered":"https:\/\/ramrolf.eu\/lv\/product\/import-placeholder-for-50102\/"},"modified":"2019-09-05T11:43:58","modified_gmt":"2019-09-05T08:43:58","slug":"lvkartridzs-nv-113r00668-phaser-5500-30000","status":"publish","type":"product","link":"https:\/\/ramrolf.lv\/lv\/product\/lvkartridzs-nv-113r00668-phaser-5500-30000\/","title":{"rendered":"K\u0101rtrid\u017es NV-113R00668   Phaser 5500 (30000)"},"content":{"rendered":"<p>K\u0101rtrid\u017es NV-113R00668   Phaser 5500 (30000)<\/p>\n","protected":false},"excerpt":{"rendered":"<p>K\u0101rtrid\u017es NV-113R00668 Phaser 5500 (30000)<\/p>\n","protected":false},"featured_media":53325,"template":"","meta":[],"product_cat":[291],"product_tag":[],"_links":{"self":[{"href":"https:\/\/ramrolf.lv\/lv\/wp-json\/wp\/v2\/product\/53267"}],"collection":[{"href":"https:\/\/ramrolf.lv\/lv\/wp-json\/wp\/v2\/product"}],"about":[{"href":"https:\/\/ramrolf.lv\/lv\/wp-json\/wp\/v2\/types\/product"}],"wp:featuredmedia":[{"embeddable":true,"href":"https:\/\/ramrolf.lv\/lv\/wp-json\/wp\/v2\/media\/53325"}],"wp:attachment":[{"href":"https:\/\/ramrolf.lv\/lv\/wp-json\/wp\/v2\/media?parent=53267"}],"wp:term":[{"taxonomy":"product_cat","embeddable":true,"href":"https:\/\/ramrolf.lv\/lv\/wp-json\/wp\/v2\/product_cat?post=53267"},{"taxonomy":"product_tag","embeddable":true,"href":"https:\/\/ramrolf.lv\/lv\/wp-json\/wp\/v2\/product_tag?post=53267"}],"curies":[{"name":"wp","href":"https:\/\/api.w.org\/{rel}","templated":true}]}}