{"id":53284,"date":"2019-09-04T19:45:23","date_gmt":"2019-09-04T16:45:23","guid":{"rendered":"https:\/\/ramrolf.eu\/lv\/product\/import-placeholder-for-50110\/"},"modified":"2019-09-05T11:41:45","modified_gmt":"2019-09-05T08:41:45","slug":"lvkartridzs-nv-113r00773-phaser-3610-wc-3615-aadaaai85000","status":"publish","type":"product","link":"https:\/\/ramrolf.lv\/lv\/product\/lvkartridzs-nv-113r00773-phaser-3610-wc-3615-aadaaai85000\/","title":{"rendered":"K\u0101rtrid\u017es NV-113R00773   Phaser 3610\/ WC 3615 \u00c1\u00e0\u00f0\u00e0\u00e1\u00e0\u00ed(85000)"},"content":{"rendered":"<p>K\u0101rtrid\u017es NV-113R00773   Phaser 3610\/ WC 3615 \u00c1\u00e0\u00f0\u00e0\u00e1\u00e0\u00ed(85000)<\/p>\n","protected":false},"excerpt":{"rendered":"<p>K\u0101rtrid\u017es NV-113R00773 Phaser 3610\/ WC 3615 \u00c1\u00e0\u00f0\u00e0\u00e1\u00e0\u00ed(85000)<\/p>\n","protected":false},"featured_media":53340,"template":"","meta":[],"product_cat":[291],"product_tag":[],"_links":{"self":[{"href":"https:\/\/ramrolf.lv\/lv\/wp-json\/wp\/v2\/product\/53284"}],"collection":[{"href":"https:\/\/ramrolf.lv\/lv\/wp-json\/wp\/v2\/product"}],"about":[{"href":"https:\/\/ramrolf.lv\/lv\/wp-json\/wp\/v2\/types\/product"}],"wp:featuredmedia":[{"embeddable":true,"href":"https:\/\/ramrolf.lv\/lv\/wp-json\/wp\/v2\/media\/53340"}],"wp:attachment":[{"href":"https:\/\/ramrolf.lv\/lv\/wp-json\/wp\/v2\/media?parent=53284"}],"wp:term":[{"taxonomy":"product_cat","embeddable":true,"href":"https:\/\/ramrolf.lv\/lv\/wp-json\/wp\/v2\/product_cat?post=53284"},{"taxonomy":"product_tag","embeddable":true,"href":"https:\/\/ramrolf.lv\/lv\/wp-json\/wp\/v2\/product_tag?post=53284"}],"curies":[{"name":"wp","href":"https:\/\/api.w.org\/{rel}","templated":true}]}}