{"id":53631,"date":"2019-09-04T20:18:39","date_gmt":"2019-09-04T17:18:39","guid":{"rendered":"https:\/\/ramrolf.eu\/lv\/product\/import-placeholder-for-50298\/"},"modified":"2019-09-25T17:49:35","modified_gmt":"2019-09-25T14:49:35","slug":"lvkartridzs-nv-cf231a-laserjet-ultra-m230sdn5000","status":"publish","type":"product","link":"https:\/\/ramrolf.lv\/lv\/product\/lvkartridzs-nv-cf231a-laserjet-ultra-m230sdn5000\/","title":{"rendered":"K\u0101rtrid\u017es NV-CF231A   LaserJet Ultra M230sdn(5000)"},"content":{"rendered":"<p>K\u0101rtrid\u017es NV-CF231A   LaserJet Ultra M230sdn(5000)<\/p>\n","protected":false},"excerpt":{"rendered":"<p>K\u0101rtrid\u017es NV-CF231A LaserJet Ultra M230sdn(5000)<\/p>\n","protected":false},"featured_media":53664,"template":"","meta":[],"product_cat":[1069,291],"product_tag":[],"_links":{"self":[{"href":"https:\/\/ramrolf.lv\/lv\/wp-json\/wp\/v2\/product\/53631"}],"collection":[{"href":"https:\/\/ramrolf.lv\/lv\/wp-json\/wp\/v2\/product"}],"about":[{"href":"https:\/\/ramrolf.lv\/lv\/wp-json\/wp\/v2\/types\/product"}],"wp:featuredmedia":[{"embeddable":true,"href":"https:\/\/ramrolf.lv\/lv\/wp-json\/wp\/v2\/media\/53664"}],"wp:attachment":[{"href":"https:\/\/ramrolf.lv\/lv\/wp-json\/wp\/v2\/media?parent=53631"}],"wp:term":[{"taxonomy":"product_cat","embeddable":true,"href":"https:\/\/ramrolf.lv\/lv\/wp-json\/wp\/v2\/product_cat?post=53631"},{"taxonomy":"product_tag","embeddable":true,"href":"https:\/\/ramrolf.lv\/lv\/wp-json\/wp\/v2\/product_tag?post=53631"}],"curies":[{"name":"wp","href":"https:\/\/api.w.org\/{rel}","templated":true}]}}