{"id":53632,"date":"2019-09-04T20:18:40","date_gmt":"2019-09-04T17:18:40","guid":{"rendered":"https:\/\/ramrolf.eu\/lv\/product\/import-placeholder-for-50299\/"},"modified":"2019-09-25T17:49:34","modified_gmt":"2019-09-25T14:49:34","slug":"lvkartridzs-nv-cf231a-aac-xeia-aac-aadaioee-laserjet-ultra-m230sdn5000","status":"publish","type":"product","link":"https:\/\/ramrolf.lv\/lv\/product\/lvkartridzs-nv-cf231a-aac-xeia-aac-aadaioee-laserjet-ultra-m230sdn5000\/","title":{"rendered":"K\u0101rtrid\u017es NV-CF231A (\u00c1\u00c5\u00c7 \u00d7\u00c8\u00cf\u00c0) (\u00c1\u00c5\u00c7 \u00c3\u00c0\u00d0\u00c0\u00cd\u00d2\u00c8\u00c8)  LaserJet Ultra M230sdn(5000)"},"content":{"rendered":"<p>K\u0101rtrid\u017es NV-CF231A (\u00c1\u00c5\u00c7 \u00d7\u00c8\u00cf\u00c0) (\u00c1\u00c5\u00c7 \u00c3\u00c0\u00d0\u00c0\u00cd\u00d2\u00c8\u00c8)  LaserJet Ultra M230sdn(5000)<\/p>\n","protected":false},"excerpt":{"rendered":"<p>K\u0101rtrid\u017es NV-CF231A (\u00c1\u00c5\u00c7 \u00d7\u00c8\u00cf\u00c0) (\u00c1\u00c5\u00c7 \u00c3\u00c0\u00d0\u00c0\u00cd\u00d2\u00c8\u00c8) LaserJet Ultra M230sdn(5000)<\/p>\n","protected":false},"featured_media":53665,"template":"","meta":[],"product_cat":[1069,291],"product_tag":[],"_links":{"self":[{"href":"https:\/\/ramrolf.lv\/lv\/wp-json\/wp\/v2\/product\/53632"}],"collection":[{"href":"https:\/\/ramrolf.lv\/lv\/wp-json\/wp\/v2\/product"}],"about":[{"href":"https:\/\/ramrolf.lv\/lv\/wp-json\/wp\/v2\/types\/product"}],"wp:featuredmedia":[{"embeddable":true,"href":"https:\/\/ramrolf.lv\/lv\/wp-json\/wp\/v2\/media\/53665"}],"wp:attachment":[{"href":"https:\/\/ramrolf.lv\/lv\/wp-json\/wp\/v2\/media?parent=53632"}],"wp:term":[{"taxonomy":"product_cat","embeddable":true,"href":"https:\/\/ramrolf.lv\/lv\/wp-json\/wp\/v2\/product_cat?post=53632"},{"taxonomy":"product_tag","embeddable":true,"href":"https:\/\/ramrolf.lv\/lv\/wp-json\/wp\/v2\/product_tag?post=53632"}],"curies":[{"name":"wp","href":"https:\/\/api.w.org\/{rel}","templated":true}]}}