{"id":53999,"date":"2019-09-04T20:50:54","date_gmt":"2019-09-04T17:50:54","guid":{"rendered":"https:\/\/ramrolf.eu\/lv\/product\/import-placeholder-for-50493\/"},"modified":"2019-09-25T17:44:37","modified_gmt":"2019-09-25T14:44:37","slug":"lvkartridzs-nv-q5949a-q7553a-laserjet-1320-1320n-1160-1320nw-1320tn-3390-3392-m2727nf-m2727nfs-p2014-p2015-p2015dn-p2015n-p2015x3000","status":"publish","type":"product","link":"https:\/\/ramrolf.lv\/lv\/product\/lvkartridzs-nv-q5949a-q7553a-laserjet-1320-1320n-1160-1320nw-1320tn-3390-3392-m2727nf-m2727nfs-p2014-p2015-p2015dn-p2015n-p2015x3000\/","title":{"rendered":"K\u0101rtrid\u017es NV-Q5949A\/Q7553A  LaserJet 1320\/ 1320N\/ 1160\/ 1320NW\/ 1320TN\/ 3390\/ 3392\/ M2727nf\/ M2727nfs\/ P2014. P2015\/ P2015dn\/ P2015n\/ P2015x(3000)"},"content":{"rendered":"<p>K\u0101rtrid\u017es NV-Q5949A\/Q7553A LaserJet 1320\/ 1320N\/ 1160\/ 1320NW\/ 1320TN\/ 3390\/ 3392\/ M2727nf\/ M2727nfs\/ P2014. P2015\/ P2015dn\/ P2015n\/ P2015x(3000)<\/p>\n","protected":false},"excerpt":{"rendered":"<p>P\u0113c pas\u016bt\u012bjuma<\/p>\n","protected":false},"featured_media":54030,"template":"","meta":[],"product_cat":[1069,291,289],"product_tag":[],"_links":{"self":[{"href":"https:\/\/ramrolf.lv\/lv\/wp-json\/wp\/v2\/product\/53999"}],"collection":[{"href":"https:\/\/ramrolf.lv\/lv\/wp-json\/wp\/v2\/product"}],"about":[{"href":"https:\/\/ramrolf.lv\/lv\/wp-json\/wp\/v2\/types\/product"}],"wp:featuredmedia":[{"embeddable":true,"href":"https:\/\/ramrolf.lv\/lv\/wp-json\/wp\/v2\/media\/54030"}],"wp:attachment":[{"href":"https:\/\/ramrolf.lv\/lv\/wp-json\/wp\/v2\/media?parent=53999"}],"wp:term":[{"taxonomy":"product_cat","embeddable":true,"href":"https:\/\/ramrolf.lv\/lv\/wp-json\/wp\/v2\/product_cat?post=53999"},{"taxonomy":"product_tag","embeddable":true,"href":"https:\/\/ramrolf.lv\/lv\/wp-json\/wp\/v2\/product_tag?post=53999"}],"curies":[{"name":"wp","href":"https:\/\/api.w.org\/{rel}","templated":true}]}}