{"id":54182,"date":"2019-09-04T21:07:55","date_gmt":"2019-09-04T18:07:55","guid":{"rendered":"https:\/\/ramrolf.eu\/lv\/product\/import-placeholder-for-50587\/"},"modified":"2019-09-04T23:29:47","modified_gmt":"2019-09-04T20:29:47","slug":"lvkartridzs-nv-tk-330-fs-4000dn-20000","status":"publish","type":"product","link":"https:\/\/ramrolf.lv\/lv\/product\/lvkartridzs-nv-tk-330-fs-4000dn-20000\/","title":{"rendered":"K\u0101rtrid\u017es NV-TK-330   FS-4000DN (20000)"},"content":{"rendered":"<p>K\u0101rtrid\u017es NV-TK-330   FS-4000DN (20000)<\/p>\n","protected":false},"excerpt":{"rendered":"<p>K\u0101rtrid\u017es NV-TK-330 FS-4000DN (20000)<\/p>\n","protected":false},"featured_media":54213,"template":"","meta":[],"product_cat":[291],"product_tag":[],"_links":{"self":[{"href":"https:\/\/ramrolf.lv\/lv\/wp-json\/wp\/v2\/product\/54182"}],"collection":[{"href":"https:\/\/ramrolf.lv\/lv\/wp-json\/wp\/v2\/product"}],"about":[{"href":"https:\/\/ramrolf.lv\/lv\/wp-json\/wp\/v2\/types\/product"}],"wp:featuredmedia":[{"embeddable":true,"href":"https:\/\/ramrolf.lv\/lv\/wp-json\/wp\/v2\/media\/54213"}],"wp:attachment":[{"href":"https:\/\/ramrolf.lv\/lv\/wp-json\/wp\/v2\/media?parent=54182"}],"wp:term":[{"taxonomy":"product_cat","embeddable":true,"href":"https:\/\/ramrolf.lv\/lv\/wp-json\/wp\/v2\/product_cat?post=54182"},{"taxonomy":"product_tag","embeddable":true,"href":"https:\/\/ramrolf.lv\/lv\/wp-json\/wp\/v2\/product_tag?post=54182"}],"curies":[{"name":"wp","href":"https:\/\/api.w.org\/{rel}","templated":true}]}}