{"id":54250,"date":"2019-09-04T21:14:18","date_gmt":"2019-09-04T18:14:18","guid":{"rendered":"https:\/\/ramrolf.eu\/lv\/product\/import-placeholder-for-50620\/"},"modified":"2019-09-04T23:26:43","modified_gmt":"2019-09-04T20:26:43","slug":"lvkartridzs-nv-tk-5205-magenta-taskalfa-356ci12000","status":"publish","type":"product","link":"https:\/\/ramrolf.lv\/lv\/product\/lvkartridzs-nv-tk-5205-magenta-taskalfa-356ci12000\/","title":{"rendered":"K\u0101rtrid\u017es NV-TK-5205 Magenta  TASKalfa 356ci(12000)"},"content":{"rendered":"<p>K\u0101rtrid\u017es NV-TK-5205 Magenta  TASKalfa 356ci(12000)<\/p>\n","protected":false},"excerpt":{"rendered":"<p>K\u0101rtrid\u017es NV-TK-5205 Magenta TASKalfa 356ci(12000)<\/p>\n","protected":false},"featured_media":54278,"template":"","meta":[],"product_cat":[291],"product_tag":[],"_links":{"self":[{"href":"https:\/\/ramrolf.lv\/lv\/wp-json\/wp\/v2\/product\/54250"}],"collection":[{"href":"https:\/\/ramrolf.lv\/lv\/wp-json\/wp\/v2\/product"}],"about":[{"href":"https:\/\/ramrolf.lv\/lv\/wp-json\/wp\/v2\/types\/product"}],"wp:featuredmedia":[{"embeddable":true,"href":"https:\/\/ramrolf.lv\/lv\/wp-json\/wp\/v2\/media\/54278"}],"wp:attachment":[{"href":"https:\/\/ramrolf.lv\/lv\/wp-json\/wp\/v2\/media?parent=54250"}],"wp:term":[{"taxonomy":"product_cat","embeddable":true,"href":"https:\/\/ramrolf.lv\/lv\/wp-json\/wp\/v2\/product_cat?post=54250"},{"taxonomy":"product_tag","embeddable":true,"href":"https:\/\/ramrolf.lv\/lv\/wp-json\/wp\/v2\/product_tag?post=54250"}],"curies":[{"name":"wp","href":"https:\/\/api.w.org\/{rel}","templated":true}]}}