{"id":54327,"date":"2019-09-04T21:20:19","date_gmt":"2019-09-04T18:20:19","guid":{"rendered":"https:\/\/ramrolf.eu\/lv\/product\/import-placeholder-for-50661\/"},"modified":"2019-09-04T23:20:19","modified_gmt":"2019-09-04T20:20:19","slug":"lvkartridzs-nv-tk-685-taskalfa-300i20000","status":"publish","type":"product","link":"https:\/\/ramrolf.lv\/lv\/product\/lvkartridzs-nv-tk-685-taskalfa-300i20000\/","title":{"rendered":"K\u0101rtrid\u017es NV-TK-685  TASKalfa 300i(20000)"},"content":{"rendered":"<p>K\u0101rtrid\u017es NV-TK-685  TASKalfa 300i(20000)<\/p>\n","protected":false},"excerpt":{"rendered":"<p>K\u0101rtrid\u017es NV-TK-685 TASKalfa 300i(20000)<\/p>\n","protected":false},"featured_media":54355,"template":"","meta":[],"product_cat":[291],"product_tag":[],"_links":{"self":[{"href":"https:\/\/ramrolf.lv\/lv\/wp-json\/wp\/v2\/product\/54327"}],"collection":[{"href":"https:\/\/ramrolf.lv\/lv\/wp-json\/wp\/v2\/product"}],"about":[{"href":"https:\/\/ramrolf.lv\/lv\/wp-json\/wp\/v2\/types\/product"}],"wp:featuredmedia":[{"embeddable":true,"href":"https:\/\/ramrolf.lv\/lv\/wp-json\/wp\/v2\/media\/54355"}],"wp:attachment":[{"href":"https:\/\/ramrolf.lv\/lv\/wp-json\/wp\/v2\/media?parent=54327"}],"wp:term":[{"taxonomy":"product_cat","embeddable":true,"href":"https:\/\/ramrolf.lv\/lv\/wp-json\/wp\/v2\/product_cat?post=54327"},{"taxonomy":"product_tag","embeddable":true,"href":"https:\/\/ramrolf.lv\/lv\/wp-json\/wp\/v2\/product_tag?post=54327"}],"curies":[{"name":"wp","href":"https:\/\/api.w.org\/{rel}","templated":true}]}}