{"id":54420,"date":"2019-09-04T21:27:37","date_gmt":"2019-09-04T18:27:37","guid":{"rendered":"https:\/\/ramrolf.eu\/lv\/product\/import-placeholder-for-50713\/"},"modified":"2019-09-04T21:56:58","modified_gmt":"2019-09-04T18:56:58","slug":"lvkartridzs-nv-tn-320t-cyan-hl-4150cdn-1500","status":"publish","type":"product","link":"https:\/\/ramrolf.lv\/lv\/product\/lvkartridzs-nv-tn-320t-cyan-hl-4150cdn-1500\/","title":{"rendered":"K\u0101rtrid\u017es NV-TN-320T Cyan  HL-4150CDN (1500)"},"content":{"rendered":"<p>K\u0101rtrid\u017es NV-TN-320T Cyan  HL-4150CDN (1500)<\/p>\n","protected":false},"excerpt":{"rendered":"<p>K\u0101rtrid\u017es NV-TN-320T Cyan HL-4150CDN (1500)<\/p>\n","protected":false},"featured_media":54448,"template":"","meta":[],"product_cat":[291],"product_tag":[],"_links":{"self":[{"href":"https:\/\/ramrolf.lv\/lv\/wp-json\/wp\/v2\/product\/54420"}],"collection":[{"href":"https:\/\/ramrolf.lv\/lv\/wp-json\/wp\/v2\/product"}],"about":[{"href":"https:\/\/ramrolf.lv\/lv\/wp-json\/wp\/v2\/types\/product"}],"wp:featuredmedia":[{"embeddable":true,"href":"https:\/\/ramrolf.lv\/lv\/wp-json\/wp\/v2\/media\/54448"}],"wp:attachment":[{"href":"https:\/\/ramrolf.lv\/lv\/wp-json\/wp\/v2\/media?parent=54420"}],"wp:term":[{"taxonomy":"product_cat","embeddable":true,"href":"https:\/\/ramrolf.lv\/lv\/wp-json\/wp\/v2\/product_cat?post=54420"},{"taxonomy":"product_tag","embeddable":true,"href":"https:\/\/ramrolf.lv\/lv\/wp-json\/wp\/v2\/product_tag?post=54420"}],"curies":[{"name":"wp","href":"https:\/\/api.w.org\/{rel}","templated":true}]}}