{"id":54439,"date":"2019-09-04T21:29:16","date_gmt":"2019-09-04T18:29:16","guid":{"rendered":"https:\/\/ramrolf.eu\/lv\/product\/import-placeholder-for-50723\/"},"modified":"2019-09-04T21:56:49","modified_gmt":"2019-09-04T18:56:49","slug":"lvkartridzs-nv-tn-325t-yellow-hl-4150cdn-3500","status":"publish","type":"product","link":"https:\/\/ramrolf.lv\/lv\/product\/lvkartridzs-nv-tn-325t-yellow-hl-4150cdn-3500\/","title":{"rendered":"K\u0101rtrid\u017es NV-TN-325T Yellow   HL-4150CDN (3500)"},"content":{"rendered":"<p>K\u0101rtrid\u017es NV-TN-325T Yellow   HL-4150CDN (3500)<\/p>\n","protected":false},"excerpt":{"rendered":"<p>K\u0101rtrid\u017es NV-TN-325T Yellow HL-4150CDN (3500)<\/p>\n","protected":false},"featured_media":54470,"template":"","meta":[],"product_cat":[291],"product_tag":[],"_links":{"self":[{"href":"https:\/\/ramrolf.lv\/lv\/wp-json\/wp\/v2\/product\/54439"}],"collection":[{"href":"https:\/\/ramrolf.lv\/lv\/wp-json\/wp\/v2\/product"}],"about":[{"href":"https:\/\/ramrolf.lv\/lv\/wp-json\/wp\/v2\/types\/product"}],"wp:featuredmedia":[{"embeddable":true,"href":"https:\/\/ramrolf.lv\/lv\/wp-json\/wp\/v2\/media\/54470"}],"wp:attachment":[{"href":"https:\/\/ramrolf.lv\/lv\/wp-json\/wp\/v2\/media?parent=54439"}],"wp:term":[{"taxonomy":"product_cat","embeddable":true,"href":"https:\/\/ramrolf.lv\/lv\/wp-json\/wp\/v2\/product_cat?post=54439"},{"taxonomy":"product_tag","embeddable":true,"href":"https:\/\/ramrolf.lv\/lv\/wp-json\/wp\/v2\/product_tag?post=54439"}],"curies":[{"name":"wp","href":"https:\/\/api.w.org\/{rel}","templated":true}]}}