{"id":54444,"date":"2019-09-04T21:29:46","date_gmt":"2019-09-04T18:29:46","guid":{"rendered":"https:\/\/ramrolf.eu\/lv\/product\/import-placeholder-for-50725\/"},"modified":"2019-09-04T21:56:46","modified_gmt":"2019-09-04T18:56:46","slug":"lvkartridzs-nv-tn-326t-cyan-hl-l8250cdn-4000","status":"publish","type":"product","link":"https:\/\/ramrolf.lv\/lv\/product\/lvkartridzs-nv-tn-326t-cyan-hl-l8250cdn-4000\/","title":{"rendered":"K\u0101rtrid\u017es NV-TN-326T Cyan  HL-L8250CDN (4000)"},"content":{"rendered":"<p>K\u0101rtrid\u017es NV-TN-326T Cyan  HL-L8250CDN (4000)<\/p>\n","protected":false},"excerpt":{"rendered":"<p>K\u0101rtrid\u017es NV-TN-326T Cyan HL-L8250CDN (4000)<\/p>\n","protected":false},"featured_media":54474,"template":"","meta":[],"product_cat":[291],"product_tag":[],"_links":{"self":[{"href":"https:\/\/ramrolf.lv\/lv\/wp-json\/wp\/v2\/product\/54444"}],"collection":[{"href":"https:\/\/ramrolf.lv\/lv\/wp-json\/wp\/v2\/product"}],"about":[{"href":"https:\/\/ramrolf.lv\/lv\/wp-json\/wp\/v2\/types\/product"}],"wp:featuredmedia":[{"embeddable":true,"href":"https:\/\/ramrolf.lv\/lv\/wp-json\/wp\/v2\/media\/54474"}],"wp:attachment":[{"href":"https:\/\/ramrolf.lv\/lv\/wp-json\/wp\/v2\/media?parent=54444"}],"wp:term":[{"taxonomy":"product_cat","embeddable":true,"href":"https:\/\/ramrolf.lv\/lv\/wp-json\/wp\/v2\/product_cat?post=54444"},{"taxonomy":"product_tag","embeddable":true,"href":"https:\/\/ramrolf.lv\/lv\/wp-json\/wp\/v2\/product_tag?post=54444"}],"curies":[{"name":"wp","href":"https:\/\/api.w.org\/{rel}","templated":true}]}}