{"id":54462,"date":"2019-09-04T21:31:21","date_gmt":"2019-09-04T18:31:21","guid":{"rendered":"https:\/\/ramrolf.eu\/lv\/product\/import-placeholder-for-50734\/"},"modified":"2019-09-04T21:55:00","modified_gmt":"2019-09-04T18:55:00","slug":"lvkartridzs-nv-tn-3512t-dcp-l6600dw-hl-l6300dw-hl-l6400dw-hl-l6400dwt-mfc-l6800dw-mfc-l6900dw-ia%c3%b7aou-12-000-nodaieo-a-niioaaonoaee-ni-noaiaadoii-iso-iec-1975212000","status":"publish","type":"product","link":"https:\/\/ramrolf.lv\/lv\/product\/lvkartridzs-nv-tn-3512t-dcp-l6600dw-hl-l6300dw-hl-l6400dw-hl-l6400dwt-mfc-l6800dw-mfc-l6900dw-ia%c3%b7aou-12-000-nodaieo-a-niioaaonoaee-ni-noaiaadoii-iso-iec-1975212000\/","title":{"rendered":"K\u0101rtrid\u017es NV-TN-3512T  DCP-L6600DW\/ HL-L6300DW\/ HL-L6400DW\/ HL-L6400DWT\/ MFC-L6800DW\/ MFC-L6900DW \u00cf\u00e5\u00f7\u00e0\u00f2\u00fc 12 000 \u00f1\u00f2\u00f0\u00e0\u00ed\u00e8\u00f6 \u00e2 \u00f1\u00ee\u00ee\u00f2\u00e2\u00e5\u00f2\u00f1\u00f2\u00e2\u00e8\u00e8 \u00f1\u00ee \u00f1\u00f2\u00e0\u00ed\u00e4\u00e0\u00f0\u00f2\u00ee\u00ec ISO\/IEC 19752(12000)"},"content":{"rendered":"<p>K\u0101rtrid\u017es NV-TN-3512T  DCP-L6600DW\/ HL-L6300DW\/ HL-L6400DW\/ HL-L6400DWT\/ MFC-L6800DW\/ MFC-L6900DW \u00cf\u00e5\u00f7\u00e0\u00f2\u00fc 12 000 \u00f1\u00f2\u00f0\u00e0\u00ed\u00e8\u00f6 \u00e2 \u00f1\u00ee\u00ee\u00f2\u00e2\u00e5\u00f2\u00f1\u00f2\u00e2\u00e8\u00e8 \u00f1\u00ee \u00f1\u00f2\u00e0\u00ed\u00e4\u00e0\u00f0\u00f2\u00ee\u00ec ISO\/IEC 19752(12000)<\/p>\n","protected":false},"excerpt":{"rendered":"<p>K\u0101rtrid\u017es NV-TN-3512T DCP-L6600DW\/ HL-L6300DW\/ HL-L6400DW\/ HL-L6400DWT\/ MFC-L6800DW\/ MFC-L6900DW \u00cf\u00e5\u00f7\u00e0\u00f2\u00fc 12 000 \u00f1\u00f2\u00f0\u00e0\u00ed\u00e8\u00f6 \u00e2 \u00f1\u00ee\u00ee\u00f2\u00e2\u00e5\u00f2\u00f1\u00f2\u00e2\u00e8\u00e8 \u00f1\u00ee \u00f1\u00f2\u00e0\u00ed\u00e4\u00e0\u00f0\u00f2\u00ee\u00ec ISO\/IEC 19752(12000)<\/p>\n","protected":false},"featured_media":54492,"template":"","meta":[],"product_cat":[291],"product_tag":[],"_links":{"self":[{"href":"https:\/\/ramrolf.lv\/lv\/wp-json\/wp\/v2\/product\/54462"}],"collection":[{"href":"https:\/\/ramrolf.lv\/lv\/wp-json\/wp\/v2\/product"}],"about":[{"href":"https:\/\/ramrolf.lv\/lv\/wp-json\/wp\/v2\/types\/product"}],"wp:featuredmedia":[{"embeddable":true,"href":"https:\/\/ramrolf.lv\/lv\/wp-json\/wp\/v2\/media\/54492"}],"wp:attachment":[{"href":"https:\/\/ramrolf.lv\/lv\/wp-json\/wp\/v2\/media?parent=54462"}],"wp:term":[{"taxonomy":"product_cat","embeddable":true,"href":"https:\/\/ramrolf.lv\/lv\/wp-json\/wp\/v2\/product_cat?post=54462"},{"taxonomy":"product_tag","embeddable":true,"href":"https:\/\/ramrolf.lv\/lv\/wp-json\/wp\/v2\/product_tag?post=54462"}],"curies":[{"name":"wp","href":"https:\/\/api.w.org\/{rel}","templated":true}]}}