{"id":54463,"date":"2019-09-04T21:31:22","date_gmt":"2019-09-04T18:31:22","guid":{"rendered":"https:\/\/ramrolf.eu\/lv\/product\/import-placeholder-for-50735\/"},"modified":"2019-09-04T21:54:59","modified_gmt":"2019-09-04T18:54:59","slug":"lvkartridzs-nv-tn-3520t-mfc-l6900dw-hl-l6400dw-hl-l6400dwt-ia%c3%b7aou-20000-nodaieo-a-niioaaonoaee-ni-noaiaadoii-iso-iec-1975220000","status":"publish","type":"product","link":"https:\/\/ramrolf.lv\/lv\/product\/lvkartridzs-nv-tn-3520t-mfc-l6900dw-hl-l6400dw-hl-l6400dwt-ia%c3%b7aou-20000-nodaieo-a-niioaaonoaee-ni-noaiaadoii-iso-iec-1975220000\/","title":{"rendered":"K\u0101rtrid\u017es NV-TN-3520T  MFC-L6900DW\/ HL-L6400DW\/ HL-L6400DWT \u00cf\u00e5\u00f7\u00e0\u00f2\u00fc 20000 \u00f1\u00f2\u00f0\u00e0\u00ed\u00e8\u00f6 \u00e2 \u00f1\u00ee\u00ee\u00f2\u00e2\u00e5\u00f2\u00f1\u00f2\u00e2\u00e8\u00e8 \u00f1\u00ee \u00f1\u00f2\u00e0\u00ed\u00e4\u00e0\u00f0\u00f2\u00ee\u00ec ISO\/IEC 19752(20000)"},"content":{"rendered":"<p>K\u0101rtrid\u017es NV-TN-3520T  MFC-L6900DW\/ HL-L6400DW\/ HL-L6400DWT \u00cf\u00e5\u00f7\u00e0\u00f2\u00fc 20000 \u00f1\u00f2\u00f0\u00e0\u00ed\u00e8\u00f6 \u00e2 \u00f1\u00ee\u00ee\u00f2\u00e2\u00e5\u00f2\u00f1\u00f2\u00e2\u00e8\u00e8 \u00f1\u00ee \u00f1\u00f2\u00e0\u00ed\u00e4\u00e0\u00f0\u00f2\u00ee\u00ec ISO\/IEC 19752(20000)<\/p>\n","protected":false},"excerpt":{"rendered":"<p>K\u0101rtrid\u017es NV-TN-3520T MFC-L6900DW\/ HL-L6400DW\/ HL-L6400DWT \u00cf\u00e5\u00f7\u00e0\u00f2\u00fc 20000 \u00f1\u00f2\u00f0\u00e0\u00ed\u00e8\u00f6 \u00e2 \u00f1\u00ee\u00ee\u00f2\u00e2\u00e5\u00f2\u00f1\u00f2\u00e2\u00e8\u00e8 \u00f1\u00ee \u00f1\u00f2\u00e0\u00ed\u00e4\u00e0\u00f0\u00f2\u00ee\u00ec ISO\/IEC 19752(20000)<\/p>\n","protected":false},"featured_media":54493,"template":"","meta":[],"product_cat":[291],"product_tag":[],"_links":{"self":[{"href":"https:\/\/ramrolf.lv\/lv\/wp-json\/wp\/v2\/product\/54463"}],"collection":[{"href":"https:\/\/ramrolf.lv\/lv\/wp-json\/wp\/v2\/product"}],"about":[{"href":"https:\/\/ramrolf.lv\/lv\/wp-json\/wp\/v2\/types\/product"}],"wp:featuredmedia":[{"embeddable":true,"href":"https:\/\/ramrolf.lv\/lv\/wp-json\/wp\/v2\/media\/54493"}],"wp:attachment":[{"href":"https:\/\/ramrolf.lv\/lv\/wp-json\/wp\/v2\/media?parent=54463"}],"wp:term":[{"taxonomy":"product_cat","embeddable":true,"href":"https:\/\/ramrolf.lv\/lv\/wp-json\/wp\/v2\/product_cat?post=54463"},{"taxonomy":"product_tag","embeddable":true,"href":"https:\/\/ramrolf.lv\/lv\/wp-json\/wp\/v2\/product_tag?post=54463"}],"curies":[{"name":"wp","href":"https:\/\/api.w.org\/{rel}","templated":true}]}}